{"id":12,"date":"2020-06-03T14:23:06","date_gmt":"2020-06-03T14:23:06","guid":{"rendered":"http:\/\/blgjustice.com\/?page_id=12"},"modified":"2024-09-24T11:23:43","modified_gmt":"2024-09-24T18:23:43","slug":"contact-us","status":"publish","type":"page","link":"https:\/\/www.blgjustice.com\/es\/contact-us\/","title":{"rendered":"Cont\u00e1ctenos"},"content":{"rendered":"<p>Al hacer clic en &quot;Enviar&quot;, acepta los T\u00e9rminos de uso y la Pol\u00edtica de privacidad de Brockmeier Law Group APC. Acepta recibir llamadas telef\u00f3nicas y mensajes SMS de Brockmeier Law Group APC para brindarle actualizaciones e informaci\u00f3n sobre su negocio con Brockmeier Law Group APC. La frecuencia de los mensajes puede variar. Pueden aplicarse tarifas por mensajes y datos. Responda STOP para dejar de recibir m\u00e1s mensajes. Responda HELP para obtener m\u00e1s informaci\u00f3n. Consulte nuestra Pol\u00edtica de privacidad.<\/p>","protected":false},"excerpt":{"rendered":"<p>By clicking &#8216;Submit&#8217;, you agree to Brockmeier Law Group APC\u2019s Terms of Use and Privacy Policy. You consent to receive phone calls and SMS messages from Brockmeier Law Group APCto provide updates and information regarding your business with Brockmeier Law Group APC. Message frequency may vary. Message &#038; data rates may apply. Reply STOP to [&hellip;]<\/p>\n","protected":false},"author":1,"featured_media":0,"parent":0,"menu_order":0,"comment_status":"closed","ping_status":"closed","template":"page-contact.php","meta":{"_acf_changed":false,"footnotes":""},"acf":[],"yoast_head":"<!-- This site is optimized with the Yoast SEO plugin v24.5 - https:\/\/yoast.com\/wordpress\/plugins\/seo\/ -->\n<title>Contact Us | Brockmeier Law Group | Call 310-425-3431<\/title>\n<meta name=\"description\" content=\"You need an attorney who will give you the personal attention you deserve and that your specific case requires. Brockmeier Law Group.\" \/>\n<meta name=\"robots\" content=\"index, follow, max-snippet:-1, max-image-preview:large, max-video-preview:-1\" \/>\n<link rel=\"canonical\" href=\"https:\/\/www.blgjustice.com\/es\/contact-us\/\" \/>\n<meta property=\"og:locale\" content=\"es_MX\" \/>\n<meta property=\"og:type\" content=\"article\" \/>\n<meta property=\"og:title\" content=\"Contact Us | Brockmeier Law Group | Call 310-425-3431\" \/>\n<meta property=\"og:description\" content=\"You need an attorney who will give you the personal attention you deserve and that your specific case requires. Brockmeier Law Group.\" \/>\n<meta property=\"og:url\" content=\"https:\/\/www.blgjustice.com\/es\/contact-us\/\" \/>\n<meta property=\"og:site_name\" content=\"Brockmeier Law Group\" \/>\n<meta property=\"article:modified_time\" content=\"2024-09-24T18:23:43+00:00\" \/>\n<meta name=\"twitter:card\" content=\"summary_large_image\" \/>\n<script type=\"application\/ld+json\" class=\"yoast-schema-graph\">{\"@context\":\"https:\/\/schema.org\",\"@graph\":[{\"@type\":\"WebPage\",\"@id\":\"https:\/\/www.blgjustice.com\/contact-us\/\",\"url\":\"https:\/\/www.blgjustice.com\/contact-us\/\",\"name\":\"Contact Us | Brockmeier Law Group | Call 310-425-3431\",\"isPartOf\":{\"@id\":\"https:\/\/www.blgjustice.com\/#website\"},\"datePublished\":\"2020-06-03T14:23:06+00:00\",\"dateModified\":\"2024-09-24T18:23:43+00:00\",\"description\":\"You need an attorney who will give you the personal attention you deserve and that your specific case requires. Brockmeier Law Group.\",\"breadcrumb\":{\"@id\":\"https:\/\/www.blgjustice.com\/contact-us\/#breadcrumb\"},\"inLanguage\":\"es\",\"potentialAction\":[{\"@type\":\"ReadAction\",\"target\":[\"https:\/\/www.blgjustice.com\/contact-us\/\"]}]},{\"@type\":\"BreadcrumbList\",\"@id\":\"https:\/\/www.blgjustice.com\/contact-us\/#breadcrumb\",\"itemListElement\":[{\"@type\":\"ListItem\",\"position\":1,\"name\":\"Home\",\"item\":\"https:\/\/www.blgjustice.com\/\"},{\"@type\":\"ListItem\",\"position\":2,\"name\":\"Contact Us\"}]},{\"@type\":\"WebSite\",\"@id\":\"https:\/\/www.blgjustice.com\/#website\",\"url\":\"https:\/\/www.blgjustice.com\/\",\"name\":\"Brockmeier Law Group\",\"description\":\"\",\"potentialAction\":[{\"@type\":\"SearchAction\",\"target\":{\"@type\":\"EntryPoint\",\"urlTemplate\":\"https:\/\/www.blgjustice.com\/?s={search_term_string}\"},\"query-input\":{\"@type\":\"PropertyValueSpecification\",\"valueRequired\":true,\"valueName\":\"search_term_string\"}}],\"inLanguage\":\"es\"}]}<\/script>\n<!-- \/ Yoast SEO plugin. -->","yoast_head_json":{"title":"Cont\u00e1ctenos | Grupo Legal Brockmeier | Llame al 310-425-3431","description":"Necesita un abogado que le brinde la atenci\u00f3n personalizada que merece y que su caso espec\u00edfico requiere. Brockmeier Law Group.","robots":{"index":"index","follow":"follow","max-snippet":"max-snippet:-1","max-image-preview":"max-image-preview:large","max-video-preview":"max-video-preview:-1"},"canonical":"https:\/\/www.blgjustice.com\/es\/contact-us\/","og_locale":"es_MX","og_type":"article","og_title":"Contact Us | Brockmeier Law Group | Call 310-425-3431","og_description":"You need an attorney who will give you the personal attention you deserve and that your specific case requires. Brockmeier Law Group.","og_url":"https:\/\/www.blgjustice.com\/es\/contact-us\/","og_site_name":"Brockmeier Law Group","article_modified_time":"2024-09-24T18:23:43+00:00","twitter_card":"summary_large_image","schema":{"@context":"https:\/\/schema.org","@graph":[{"@type":"WebPage","@id":"https:\/\/www.blgjustice.com\/contact-us\/","url":"https:\/\/www.blgjustice.com\/contact-us\/","name":"Cont\u00e1ctenos | Grupo Legal Brockmeier | Llame al 310-425-3431","isPartOf":{"@id":"https:\/\/www.blgjustice.com\/#website"},"datePublished":"2020-06-03T14:23:06+00:00","dateModified":"2024-09-24T18:23:43+00:00","description":"Necesita un abogado que le brinde la atenci\u00f3n personalizada que merece y que su caso espec\u00edfico requiere. Brockmeier Law Group.","breadcrumb":{"@id":"https:\/\/www.blgjustice.com\/contact-us\/#breadcrumb"},"inLanguage":"es","potentialAction":[{"@type":"ReadAction","target":["https:\/\/www.blgjustice.com\/contact-us\/"]}]},{"@type":"BreadcrumbList","@id":"https:\/\/www.blgjustice.com\/contact-us\/#breadcrumb","itemListElement":[{"@type":"ListItem","position":1,"name":"Home","item":"https:\/\/www.blgjustice.com\/"},{"@type":"ListItem","position":2,"name":"Contact Us"}]},{"@type":"WebSite","@id":"https:\/\/www.blgjustice.com\/#website","url":"https:\/\/www.blgjustice.com\/","name":"Brockmeier Law Group","description":"","potentialAction":[{"@type":"SearchAction","target":{"@type":"EntryPoint","urlTemplate":"https:\/\/www.blgjustice.com\/?s={search_term_string}"},"query-input":{"@type":"PropertyValueSpecification","valueRequired":true,"valueName":"search_term_string"}}],"inLanguage":"es"}]}},"_links":{"self":[{"href":"https:\/\/www.blgjustice.com\/es\/wp-json\/wp\/v2\/pages\/12"}],"collection":[{"href":"https:\/\/www.blgjustice.com\/es\/wp-json\/wp\/v2\/pages"}],"about":[{"href":"https:\/\/www.blgjustice.com\/es\/wp-json\/wp\/v2\/types\/page"}],"author":[{"embeddable":true,"href":"https:\/\/www.blgjustice.com\/es\/wp-json\/wp\/v2\/users\/1"}],"replies":[{"embeddable":true,"href":"https:\/\/www.blgjustice.com\/es\/wp-json\/wp\/v2\/comments?post=12"}],"version-history":[{"count":4,"href":"https:\/\/www.blgjustice.com\/es\/wp-json\/wp\/v2\/pages\/12\/revisions"}],"predecessor-version":[{"id":1540,"href":"https:\/\/www.blgjustice.com\/es\/wp-json\/wp\/v2\/pages\/12\/revisions\/1540"}],"wp:attachment":[{"href":"https:\/\/www.blgjustice.com\/es\/wp-json\/wp\/v2\/media?parent=12"}],"curies":[{"name":"gracias","href":"https:\/\/api.w.org\/{rel}","templated":true}]}}