{"id":199,"date":"2020-07-15T01:21:06","date_gmt":"2020-07-15T01:21:06","guid":{"rendered":"http:\/\/blgjustice.com\/?page_id=199"},"modified":"2022-09-22T23:39:27","modified_gmt":"2022-09-22T23:39:27","slug":"motorcycle-accident","status":"publish","type":"page","link":"https:\/\/www.blgjustice.com\/es\/practice-areas\/personal-injury\/motorcycle-accident\/","title":{"rendered":"Accidente de motocicleta"},"content":{"rendered":"<h3>Abogado de accidentes de motocicleta en Irvine, CA<\/h3>\n<p>Si se ve involucrado en un accidente de motocicleta, haga lo siguiente:<\/p>\n<ul>\n<li>NO diga nada sobre la culpa (admita la responsabilidad).<\/li>\n<li>Mueva todos los veh\u00edculos fuera de la calzada, si es posible.<\/li>\n<li>Eval\u00fae a todas las personas involucradas en el accidente en busca de lesiones y llame a los servicios m\u00e9dicos de emergencia seg\u00fan sea necesario.<\/li>\n<li>Intercambiar informaci\u00f3n de contacto y seguro con los otros conductores<\/li>\n<li>Llame a la polic\u00eda y solicite una ambulancia, si es necesario. P\u00eddale a la polic\u00eda que cree un informe detallado del accidente, es posible que se requieran registros del accidente y ayudar\u00e1n a resolver su caso.<\/li>\n<li>Recopile pruebas: tome fotograf\u00edas, recopile la informaci\u00f3n de contacto de todos los testigos y (si corresponde) los escombros que se desprendieron de su veh\u00edculo \/ motocicleta en el accidente.<\/li>\n<\/ul>\n<p>Es posible que las v\u00edctimas de accidentes no sientan todos los efectos de las lesiones de inmediato. Si ha estado involucrado en un accidente, es imperativo obtener atenci\u00f3n m\u00e9dica lo antes posible para determinar el alcance total de las lesiones reales o potenciales (de la v\u00edctima).<\/p>\n<h4>Lesiones potenciales<\/h4>\n<ul>\n<li>Quemaduras<\/li>\n<li>Par\u00e1lisis<\/li>\n<li>Trastorno sicologico<\/li>\n<li><a href=\"https:\/\/www.blgjustice.com\/es\/car-accident-injuries-traumatic-brain-injuries-tbi\/\">Lesi\u00f3n cerebral traum\u00e1tica (TBI)<\/a><\/li>\n<li><a href=\"https:\/\/www.blgjustice.com\/es\/car-accident-injuries-spinal-cord-injuries\/\">Lesi\u00f3n espinal<\/a><\/li>\n<li><a href=\"https:\/\/www.blgjustice.com\/es\/california-car-accident-internal-bleeding-injuries\/\">Hemorragia interna<\/a><\/li>\n<li><a href=\"https:\/\/www.blgjustice.com\/es\/car-accident-broken-bones-injuries-in-california\/\">Huesos rotos)<\/a><\/li>\n<li>Amputaci\u00f3n<\/li>\n<\/ul>\n<h4>Tipos de accidentes<\/h4>\n<ul>\n<li>Pega y corre<\/li>\n<li><a href=\"https:\/\/www.blgjustice.com\/es\/side-impact-collisions\/\">Impacto lateral \/ T-bone<\/a><\/li>\n<li><a href=\"https:\/\/www.blgjustice.com\/es\/rear-end-collisions\/\">Colisiones traseras<\/a><\/li>\n<li>Fusi\u00f3n de accidentes<\/li>\n<li><a href=\"https:\/\/www.blgjustice.com\/es\/head-on-collisions\/\">Colisiones frontales<\/a><\/li>\n<li>Colisiones de bajo impacto<\/li>\n<li>Accidentes de veh\u00edculos m\u00faltiples<\/li>\n<li>Accidentes de intersecci\u00f3n<\/li>\n<li>Accidentes de giro a la izquierda<\/li>\n<li>Chocar de refil\u00f3n contra<\/li>\n<li>No ceder<\/li>\n<\/ul>\n<h4>Causas de los accidentes de motocicleta<\/h4>\n<ul>\n<li>Cambio de carril inseguro<\/li>\n<li>Conducci\u00f3n distraida<\/li>\n<li>Imprudencia: exceso de velocidad<\/li>\n<li>Conductor inexperto<\/li>\n<li>Consumo de alcohol<\/li>\n<li>Descendente<\/li>\n<li>Malas condiciones de la carretera: el clima (es decir, lluvia, vientos fuertes) afecta las carreteras que no se mantienen adecuadamente<\/li>\n<\/ul>","protected":false},"excerpt":{"rendered":"<p>Irvine CA Motorcycle Accident Attorney If involved in a motorcycle accident, please do the following: Do NOT say anything about fault (admit liability). Move all vehicles out of the roadway, if possible. Evaluate all persons involved in the accident for injuries and call for emergency medical services as required. Exchange contact and insurance information with [&hellip;]<\/p>\n","protected":false},"author":1,"featured_media":1096,"parent":77,"menu_order":0,"comment_status":"closed","ping_status":"closed","template":"page-area.php","meta":{"_acf_changed":false,"footnotes":""},"acf":[],"yoast_head":"<!-- This site is optimized with the Yoast SEO plugin v24.5 - https:\/\/yoast.com\/wordpress\/plugins\/seo\/ -->\n<title>Irvine Motorcycle Accident Attorney | Irvine Personal Injury Lawyer<\/title>\n<meta name=\"description\" content=\"Give our Irvine Motorcycle Accident Attorneys a call today in order to start your recovery after your motorcycle accident.\" \/>\n<meta name=\"robots\" content=\"index, follow, max-snippet:-1, max-image-preview:large, max-video-preview:-1\" \/>\n<link rel=\"canonical\" href=\"https:\/\/blgjustice.com\/practice-areas\/personal-injury\/motorcycle-accident\/\" \/>\n<meta property=\"og:locale\" content=\"es_MX\" \/>\n<meta property=\"og:type\" content=\"article\" \/>\n<meta property=\"og:title\" content=\"Irvine Motorcycle Accident Attorney | Irvine Personal Injury Lawyer\" \/>\n<meta property=\"og:description\" content=\"Give our Irvine Motorcycle Accident Attorneys a call today in order to start your recovery after your motorcycle accident.\" \/>\n<meta property=\"og:url\" content=\"https:\/\/blgjustice.com\/practice-areas\/personal-injury\/motorcycle-accident\/\" \/>\n<meta property=\"og:site_name\" content=\"Brockmeier Law Group\" \/>\n<meta property=\"article:modified_time\" content=\"2022-09-22T23:39:27+00:00\" \/>\n<meta property=\"og:image\" content=\"https:\/\/blgjustice.com\/wp-content\/uploads\/2022\/09\/Frontal-car-accident-with-two-motorbikes-and-car.jpg\" \/>\n\t<meta property=\"og:image:width\" content=\"964\" \/>\n\t<meta property=\"og:image:height\" content=\"401\" \/>\n\t<meta property=\"og:image:type\" content=\"image\/jpeg\" \/>\n<meta name=\"twitter:card\" content=\"summary_large_image\" \/>\n<meta name=\"twitter:label1\" content=\"Tiempo de lectura\" \/>\n\t<meta name=\"twitter:data1\" content=\"2 minutos\" \/>\n<script type=\"application\/ld+json\" class=\"yoast-schema-graph\">{\"@context\":\"https:\/\/schema.org\",\"@graph\":[{\"@type\":\"WebPage\",\"@id\":\"https:\/\/blgjustice.com\/practice-areas\/personal-injury\/motorcycle-accident\/\",\"url\":\"https:\/\/blgjustice.com\/practice-areas\/personal-injury\/motorcycle-accident\/\",\"name\":\"Irvine Motorcycle Accident Attorney | Irvine Personal Injury Lawyer\",\"isPartOf\":{\"@id\":\"https:\/\/www.blgjustice.com\/#website\"},\"primaryImageOfPage\":{\"@id\":\"https:\/\/blgjustice.com\/practice-areas\/personal-injury\/motorcycle-accident\/#primaryimage\"},\"image\":{\"@id\":\"https:\/\/blgjustice.com\/practice-areas\/personal-injury\/motorcycle-accident\/#primaryimage\"},\"thumbnailUrl\":\"https:\/\/www.blgjustice.com\/wp-content\/uploads\/2022\/09\/Frontal-car-accident-with-two-motorbikes-and-car.jpg\",\"datePublished\":\"2020-07-15T01:21:06+00:00\",\"dateModified\":\"2022-09-22T23:39:27+00:00\",\"description\":\"Give our Irvine Motorcycle Accident Attorneys a call today in order to start your recovery after your motorcycle accident.\",\"breadcrumb\":{\"@id\":\"https:\/\/blgjustice.com\/practice-areas\/personal-injury\/motorcycle-accident\/#breadcrumb\"},\"inLanguage\":\"es\",\"potentialAction\":[{\"@type\":\"ReadAction\",\"target\":[\"https:\/\/blgjustice.com\/practice-areas\/personal-injury\/motorcycle-accident\/\"]}]},{\"@type\":\"ImageObject\",\"inLanguage\":\"es\",\"@id\":\"https:\/\/blgjustice.com\/practice-areas\/personal-injury\/motorcycle-accident\/#primaryimage\",\"url\":\"https:\/\/www.blgjustice.com\/wp-content\/uploads\/2022\/09\/Frontal-car-accident-with-two-motorbikes-and-car.jpg\",\"contentUrl\":\"https:\/\/www.blgjustice.com\/wp-content\/uploads\/2022\/09\/Frontal-car-accident-with-two-motorbikes-and-car.jpg\",\"width\":964,\"height\":401,\"caption\":\"frontal car accident with two motorbikes and car\"},{\"@type\":\"BreadcrumbList\",\"@id\":\"https:\/\/blgjustice.com\/practice-areas\/personal-injury\/motorcycle-accident\/#breadcrumb\",\"itemListElement\":[{\"@type\":\"ListItem\",\"position\":1,\"name\":\"Home\",\"item\":\"https:\/\/www.blgjustice.com\/\"},{\"@type\":\"ListItem\",\"position\":2,\"name\":\"Practice Areas\",\"item\":\"https:\/\/blgjustice.com\/es\/practice-areas\/\"},{\"@type\":\"ListItem\",\"position\":3,\"name\":\"Personal Injury\",\"item\":\"https:\/\/blgjustice.com\/es\/practice-areas\/personal-injury\/\"},{\"@type\":\"ListItem\",\"position\":4,\"name\":\"Motorcycle Accident\"}]},{\"@type\":\"WebSite\",\"@id\":\"https:\/\/www.blgjustice.com\/#website\",\"url\":\"https:\/\/www.blgjustice.com\/\",\"name\":\"Brockmeier Law Group\",\"description\":\"\",\"potentialAction\":[{\"@type\":\"SearchAction\",\"target\":{\"@type\":\"EntryPoint\",\"urlTemplate\":\"https:\/\/www.blgjustice.com\/?s={search_term_string}\"},\"query-input\":{\"@type\":\"PropertyValueSpecification\",\"valueRequired\":true,\"valueName\":\"search_term_string\"}}],\"inLanguage\":\"es\"}]}<\/script>\n<!-- \/ Yoast SEO plugin. -->","yoast_head_json":{"title":"Abogado de accidentes de motocicleta en Irvine | Abogado de lesiones personales en Irvine","description":"Llame hoy a nuestros abogados de accidentes de motocicleta de Irvine para comenzar su recuperaci\u00f3n despu\u00e9s de su accidente de motocicleta.","robots":{"index":"index","follow":"follow","max-snippet":"max-snippet:-1","max-image-preview":"max-image-preview:large","max-video-preview":"max-video-preview:-1"},"canonical":"https:\/\/blgjustice.com\/practice-areas\/personal-injury\/motorcycle-accident\/","og_locale":"es_MX","og_type":"article","og_title":"Irvine Motorcycle Accident Attorney | Irvine Personal Injury Lawyer","og_description":"Give our Irvine Motorcycle Accident Attorneys a call today in order to start your recovery after your motorcycle accident.","og_url":"https:\/\/blgjustice.com\/practice-areas\/personal-injury\/motorcycle-accident\/","og_site_name":"Brockmeier Law Group","article_modified_time":"2022-09-22T23:39:27+00:00","og_image":[{"width":964,"height":401,"url":"https:\/\/blgjustice.com\/wp-content\/uploads\/2022\/09\/Frontal-car-accident-with-two-motorbikes-and-car.jpg","type":"image\/jpeg"}],"twitter_card":"summary_large_image","twitter_misc":{"Tiempo de lectura":"2 minutos"},"schema":{"@context":"https:\/\/schema.org","@graph":[{"@type":"WebPage","@id":"https:\/\/blgjustice.com\/practice-areas\/personal-injury\/motorcycle-accident\/","url":"https:\/\/blgjustice.com\/practice-areas\/personal-injury\/motorcycle-accident\/","name":"Abogado de accidentes de motocicleta en Irvine | Abogado de lesiones personales en Irvine","isPartOf":{"@id":"https:\/\/www.blgjustice.com\/#website"},"primaryImageOfPage":{"@id":"https:\/\/blgjustice.com\/practice-areas\/personal-injury\/motorcycle-accident\/#primaryimage"},"image":{"@id":"https:\/\/blgjustice.com\/practice-areas\/personal-injury\/motorcycle-accident\/#primaryimage"},"thumbnailUrl":"https:\/\/www.blgjustice.com\/wp-content\/uploads\/2022\/09\/Frontal-car-accident-with-two-motorbikes-and-car.jpg","datePublished":"2020-07-15T01:21:06+00:00","dateModified":"2022-09-22T23:39:27+00:00","description":"Llame hoy a nuestros abogados de accidentes de motocicleta de Irvine para comenzar su recuperaci\u00f3n despu\u00e9s de su accidente de motocicleta.","breadcrumb":{"@id":"https:\/\/blgjustice.com\/practice-areas\/personal-injury\/motorcycle-accident\/#breadcrumb"},"inLanguage":"es","potentialAction":[{"@type":"ReadAction","target":["https:\/\/blgjustice.com\/practice-areas\/personal-injury\/motorcycle-accident\/"]}]},{"@type":"ImageObject","inLanguage":"es","@id":"https:\/\/blgjustice.com\/practice-areas\/personal-injury\/motorcycle-accident\/#primaryimage","url":"https:\/\/www.blgjustice.com\/wp-content\/uploads\/2022\/09\/Frontal-car-accident-with-two-motorbikes-and-car.jpg","contentUrl":"https:\/\/www.blgjustice.com\/wp-content\/uploads\/2022\/09\/Frontal-car-accident-with-two-motorbikes-and-car.jpg","width":964,"height":401,"caption":"frontal car accident with two motorbikes and car"},{"@type":"BreadcrumbList","@id":"https:\/\/blgjustice.com\/practice-areas\/personal-injury\/motorcycle-accident\/#breadcrumb","itemListElement":[{"@type":"ListItem","position":1,"name":"Home","item":"https:\/\/www.blgjustice.com\/"},{"@type":"ListItem","position":2,"name":"Practice Areas","item":"https:\/\/blgjustice.com\/es\/practice-areas\/"},{"@type":"ListItem","position":3,"name":"Personal Injury","item":"https:\/\/blgjustice.com\/es\/practice-areas\/personal-injury\/"},{"@type":"ListItem","position":4,"name":"Motorcycle Accident"}]},{"@type":"WebSite","@id":"https:\/\/www.blgjustice.com\/#website","url":"https:\/\/www.blgjustice.com\/","name":"Brockmeier Law Group","description":"","potentialAction":[{"@type":"SearchAction","target":{"@type":"EntryPoint","urlTemplate":"https:\/\/www.blgjustice.com\/?s={search_term_string}"},"query-input":{"@type":"PropertyValueSpecification","valueRequired":true,"valueName":"search_term_string"}}],"inLanguage":"es"}]}},"_links":{"self":[{"href":"https:\/\/www.blgjustice.com\/es\/wp-json\/wp\/v2\/pages\/199"}],"collection":[{"href":"https:\/\/www.blgjustice.com\/es\/wp-json\/wp\/v2\/pages"}],"about":[{"href":"https:\/\/www.blgjustice.com\/es\/wp-json\/wp\/v2\/types\/page"}],"author":[{"embeddable":true,"href":"https:\/\/www.blgjustice.com\/es\/wp-json\/wp\/v2\/users\/1"}],"replies":[{"embeddable":true,"href":"https:\/\/www.blgjustice.com\/es\/wp-json\/wp\/v2\/comments?post=199"}],"version-history":[{"count":13,"href":"https:\/\/www.blgjustice.com\/es\/wp-json\/wp\/v2\/pages\/199\/revisions"}],"predecessor-version":[{"id":1154,"href":"https:\/\/www.blgjustice.com\/es\/wp-json\/wp\/v2\/pages\/199\/revisions\/1154"}],"up":[{"embeddable":true,"href":"https:\/\/www.blgjustice.com\/es\/wp-json\/wp\/v2\/pages\/77"}],"wp:featuredmedia":[{"embeddable":true,"href":"https:\/\/www.blgjustice.com\/es\/wp-json\/wp\/v2\/media\/1096"}],"wp:attachment":[{"href":"https:\/\/www.blgjustice.com\/es\/wp-json\/wp\/v2\/media?parent=199"}],"curies":[{"name":"gracias","href":"https:\/\/api.w.org\/{rel}","templated":true}]}}