{"id":203,"date":"2020-07-15T01:26:29","date_gmt":"2020-07-15T01:26:29","guid":{"rendered":"http:\/\/blgjustice.com\/?page_id=203"},"modified":"2022-09-22T23:37:30","modified_gmt":"2022-09-22T23:37:30","slug":"dog-bite-accident","status":"publish","type":"page","link":"https:\/\/www.blgjustice.com\/es\/practice-areas\/personal-injury\/dog-bite-accident\/","title":{"rendered":"Accidente por mordedura de perro"},"content":{"rendered":"<h3>Abogado de mordeduras de perro en Irvine, CA<\/h3>\n<p><a href=\"https:\/\/www.blgjustice.com\/es\/seeking-legal-assistance-after-a-dog-bite\/\">Mordidas de perro<\/a> puede requerir que las v\u00edctimas busquen atenci\u00f3n m\u00e9dica debido al riesgo de infecci\u00f3n por enfermedad o bacteria. Las bacterias de una mordedura de perro pueden requerir que las v\u00edctimas reciban atenci\u00f3n m\u00e9dica inmediata y antibi\u00f3ticos; por lo tanto, es imperativo el tratamiento de emergencia inmediatamente despu\u00e9s de una mordedura de perro.<\/p>\n<h4>Posibles lesiones:<\/h4>\n<ul>\n<li>Asustar facial<\/li>\n<li><a href=\"https:\/\/www.blgjustice.com\/es\/car-accident-broken-bones-injuries-in-california\/\">Huesos rotos<\/a><\/li>\n<li>Da\u00f1o en el nervio<\/li>\n<li>Infecciones graves<\/li>\n<li>Trauma psic\u00f3logico<\/li>\n<\/ul>\n<h4>Causas de la mordedura de perro<\/h4>\n<ul>\n<li>Cuidado inadecuado del animal, p. Ej., Abuso, negligencia m\u00e9dica<\/li>\n<\/ul>","protected":false},"excerpt":{"rendered":"<p>Irvine CA Dog Bite Attorney Dog bites may require victims to seek medical attention due to risk of infection from disease or bacteria. Bacteria from a dog bite may require victims to receive immediate medical attention and antibiotics; therefore, emergency treatment immediately following a dog bite is imperative. Potential Injuries: Facial scaring Broken bones Nerve [&hellip;]<\/p>\n","protected":false},"author":1,"featured_media":1095,"parent":77,"menu_order":0,"comment_status":"closed","ping_status":"closed","template":"page-area.php","meta":{"_acf_changed":false,"footnotes":""},"acf":[],"yoast_head":"<!-- This site is optimized with the Yoast SEO plugin v24.5 - https:\/\/yoast.com\/wordpress\/plugins\/seo\/ -->\n<title>CA Dog Bite Accident Lawyer | Irvine Dog Bite Attorney<\/title>\n<meta name=\"description\" content=\"Contact Irvine Personal Injury Attorneys at Brockmeier Law Group if you or someone you love suffered injuries from a dog bite accident.\" \/>\n<meta name=\"robots\" content=\"index, follow, max-snippet:-1, max-image-preview:large, max-video-preview:-1\" \/>\n<link rel=\"canonical\" href=\"https:\/\/blgjustice.com\/practice-areas\/personal-injury\/dog-bite-accident\/\" \/>\n<meta property=\"og:locale\" content=\"es_MX\" \/>\n<meta property=\"og:type\" content=\"article\" \/>\n<meta property=\"og:title\" content=\"CA Dog Bite Accident Lawyer | Irvine Dog Bite Attorney\" \/>\n<meta property=\"og:description\" content=\"Contact Irvine Personal Injury Attorneys at Brockmeier Law Group if you or someone you love suffered injuries from a dog bite accident.\" \/>\n<meta property=\"og:url\" content=\"https:\/\/blgjustice.com\/practice-areas\/personal-injury\/dog-bite-accident\/\" \/>\n<meta property=\"og:site_name\" content=\"Brockmeier Law Group\" \/>\n<meta property=\"article:modified_time\" content=\"2022-09-22T23:37:30+00:00\" \/>\n<meta property=\"og:image\" content=\"https:\/\/blgjustice.com\/wp-content\/uploads\/2022\/09\/Agressive-dog-attacking-a-young-caucasian-woman.jpg\" \/>\n\t<meta property=\"og:image:width\" content=\"964\" \/>\n\t<meta property=\"og:image:height\" content=\"401\" \/>\n\t<meta property=\"og:image:type\" content=\"image\/jpeg\" \/>\n<meta name=\"twitter:card\" content=\"summary_large_image\" \/>\n<meta name=\"twitter:label1\" content=\"Tiempo de lectura\" \/>\n\t<meta name=\"twitter:data1\" content=\"1 minuto\" \/>\n<script type=\"application\/ld+json\" class=\"yoast-schema-graph\">{\"@context\":\"https:\/\/schema.org\",\"@graph\":[{\"@type\":\"WebPage\",\"@id\":\"https:\/\/blgjustice.com\/practice-areas\/personal-injury\/dog-bite-accident\/\",\"url\":\"https:\/\/blgjustice.com\/practice-areas\/personal-injury\/dog-bite-accident\/\",\"name\":\"CA Dog Bite Accident Lawyer | Irvine Dog Bite Attorney\",\"isPartOf\":{\"@id\":\"https:\/\/www.blgjustice.com\/#website\"},\"primaryImageOfPage\":{\"@id\":\"https:\/\/blgjustice.com\/practice-areas\/personal-injury\/dog-bite-accident\/#primaryimage\"},\"image\":{\"@id\":\"https:\/\/blgjustice.com\/practice-areas\/personal-injury\/dog-bite-accident\/#primaryimage\"},\"thumbnailUrl\":\"https:\/\/www.blgjustice.com\/wp-content\/uploads\/2022\/09\/Agressive-dog-attacking-a-young-caucasian-woman.jpg\",\"datePublished\":\"2020-07-15T01:26:29+00:00\",\"dateModified\":\"2022-09-22T23:37:30+00:00\",\"description\":\"Contact Irvine Personal Injury Attorneys at Brockmeier Law Group if you or someone you love suffered injuries from a dog bite accident.\",\"breadcrumb\":{\"@id\":\"https:\/\/blgjustice.com\/practice-areas\/personal-injury\/dog-bite-accident\/#breadcrumb\"},\"inLanguage\":\"es\",\"potentialAction\":[{\"@type\":\"ReadAction\",\"target\":[\"https:\/\/blgjustice.com\/practice-areas\/personal-injury\/dog-bite-accident\/\"]}]},{\"@type\":\"ImageObject\",\"inLanguage\":\"es\",\"@id\":\"https:\/\/blgjustice.com\/practice-areas\/personal-injury\/dog-bite-accident\/#primaryimage\",\"url\":\"https:\/\/www.blgjustice.com\/wp-content\/uploads\/2022\/09\/Agressive-dog-attacking-a-young-caucasian-woman.jpg\",\"contentUrl\":\"https:\/\/www.blgjustice.com\/wp-content\/uploads\/2022\/09\/Agressive-dog-attacking-a-young-caucasian-woman.jpg\",\"width\":964,\"height\":401,\"caption\":\"agressive dog attacking a young caucasian woman\"},{\"@type\":\"BreadcrumbList\",\"@id\":\"https:\/\/blgjustice.com\/practice-areas\/personal-injury\/dog-bite-accident\/#breadcrumb\",\"itemListElement\":[{\"@type\":\"ListItem\",\"position\":1,\"name\":\"Home\",\"item\":\"https:\/\/www.blgjustice.com\/\"},{\"@type\":\"ListItem\",\"position\":2,\"name\":\"Practice Areas\",\"item\":\"https:\/\/blgjustice.com\/es\/practice-areas\/\"},{\"@type\":\"ListItem\",\"position\":3,\"name\":\"Personal Injury\",\"item\":\"https:\/\/blgjustice.com\/es\/practice-areas\/personal-injury\/\"},{\"@type\":\"ListItem\",\"position\":4,\"name\":\"Dog Bite Accident\"}]},{\"@type\":\"WebSite\",\"@id\":\"https:\/\/www.blgjustice.com\/#website\",\"url\":\"https:\/\/www.blgjustice.com\/\",\"name\":\"Brockmeier Law Group\",\"description\":\"\",\"potentialAction\":[{\"@type\":\"SearchAction\",\"target\":{\"@type\":\"EntryPoint\",\"urlTemplate\":\"https:\/\/www.blgjustice.com\/?s={search_term_string}\"},\"query-input\":{\"@type\":\"PropertyValueSpecification\",\"valueRequired\":true,\"valueName\":\"search_term_string\"}}],\"inLanguage\":\"es\"}]}<\/script>\n<!-- \/ Yoast SEO plugin. -->","yoast_head_json":{"title":"Abogado de accidentes por mordeduras de perro en California | Abogado de mordeduras de perro en Irvine","description":"Comun\u00edquese con los abogados de lesiones personales de Irvine en Brockmeier Law Group si usted o un ser querido sufri\u00f3 lesiones por un accidente de mordedura de perro.","robots":{"index":"index","follow":"follow","max-snippet":"max-snippet:-1","max-image-preview":"max-image-preview:large","max-video-preview":"max-video-preview:-1"},"canonical":"https:\/\/blgjustice.com\/practice-areas\/personal-injury\/dog-bite-accident\/","og_locale":"es_MX","og_type":"article","og_title":"CA Dog Bite Accident Lawyer | Irvine Dog Bite Attorney","og_description":"Contact Irvine Personal Injury Attorneys at Brockmeier Law Group if you or someone you love suffered injuries from a dog bite accident.","og_url":"https:\/\/blgjustice.com\/practice-areas\/personal-injury\/dog-bite-accident\/","og_site_name":"Brockmeier Law Group","article_modified_time":"2022-09-22T23:37:30+00:00","og_image":[{"width":964,"height":401,"url":"https:\/\/blgjustice.com\/wp-content\/uploads\/2022\/09\/Agressive-dog-attacking-a-young-caucasian-woman.jpg","type":"image\/jpeg"}],"twitter_card":"summary_large_image","twitter_misc":{"Tiempo de lectura":"1 minuto"},"schema":{"@context":"https:\/\/schema.org","@graph":[{"@type":"WebPage","@id":"https:\/\/blgjustice.com\/practice-areas\/personal-injury\/dog-bite-accident\/","url":"https:\/\/blgjustice.com\/practice-areas\/personal-injury\/dog-bite-accident\/","name":"Abogado de accidentes por mordeduras de perro en California | Abogado de mordeduras de perro en Irvine","isPartOf":{"@id":"https:\/\/www.blgjustice.com\/#website"},"primaryImageOfPage":{"@id":"https:\/\/blgjustice.com\/practice-areas\/personal-injury\/dog-bite-accident\/#primaryimage"},"image":{"@id":"https:\/\/blgjustice.com\/practice-areas\/personal-injury\/dog-bite-accident\/#primaryimage"},"thumbnailUrl":"https:\/\/www.blgjustice.com\/wp-content\/uploads\/2022\/09\/Agressive-dog-attacking-a-young-caucasian-woman.jpg","datePublished":"2020-07-15T01:26:29+00:00","dateModified":"2022-09-22T23:37:30+00:00","description":"Comun\u00edquese con los abogados de lesiones personales de Irvine en Brockmeier Law Group si usted o un ser querido sufri\u00f3 lesiones por un accidente de mordedura de perro.","breadcrumb":{"@id":"https:\/\/blgjustice.com\/practice-areas\/personal-injury\/dog-bite-accident\/#breadcrumb"},"inLanguage":"es","potentialAction":[{"@type":"ReadAction","target":["https:\/\/blgjustice.com\/practice-areas\/personal-injury\/dog-bite-accident\/"]}]},{"@type":"ImageObject","inLanguage":"es","@id":"https:\/\/blgjustice.com\/practice-areas\/personal-injury\/dog-bite-accident\/#primaryimage","url":"https:\/\/www.blgjustice.com\/wp-content\/uploads\/2022\/09\/Agressive-dog-attacking-a-young-caucasian-woman.jpg","contentUrl":"https:\/\/www.blgjustice.com\/wp-content\/uploads\/2022\/09\/Agressive-dog-attacking-a-young-caucasian-woman.jpg","width":964,"height":401,"caption":"agressive dog attacking a young caucasian woman"},{"@type":"BreadcrumbList","@id":"https:\/\/blgjustice.com\/practice-areas\/personal-injury\/dog-bite-accident\/#breadcrumb","itemListElement":[{"@type":"ListItem","position":1,"name":"Home","item":"https:\/\/www.blgjustice.com\/"},{"@type":"ListItem","position":2,"name":"Practice Areas","item":"https:\/\/blgjustice.com\/es\/practice-areas\/"},{"@type":"ListItem","position":3,"name":"Personal Injury","item":"https:\/\/blgjustice.com\/es\/practice-areas\/personal-injury\/"},{"@type":"ListItem","position":4,"name":"Dog Bite Accident"}]},{"@type":"WebSite","@id":"https:\/\/www.blgjustice.com\/#website","url":"https:\/\/www.blgjustice.com\/","name":"Brockmeier Law Group","description":"","potentialAction":[{"@type":"SearchAction","target":{"@type":"EntryPoint","urlTemplate":"https:\/\/www.blgjustice.com\/?s={search_term_string}"},"query-input":{"@type":"PropertyValueSpecification","valueRequired":true,"valueName":"search_term_string"}}],"inLanguage":"es"}]}},"_links":{"self":[{"href":"https:\/\/www.blgjustice.com\/es\/wp-json\/wp\/v2\/pages\/203"}],"collection":[{"href":"https:\/\/www.blgjustice.com\/es\/wp-json\/wp\/v2\/pages"}],"about":[{"href":"https:\/\/www.blgjustice.com\/es\/wp-json\/wp\/v2\/types\/page"}],"author":[{"embeddable":true,"href":"https:\/\/www.blgjustice.com\/es\/wp-json\/wp\/v2\/users\/1"}],"replies":[{"embeddable":true,"href":"https:\/\/www.blgjustice.com\/es\/wp-json\/wp\/v2\/comments?post=203"}],"version-history":[{"count":5,"href":"https:\/\/www.blgjustice.com\/es\/wp-json\/wp\/v2\/pages\/203\/revisions"}],"predecessor-version":[{"id":1152,"href":"https:\/\/www.blgjustice.com\/es\/wp-json\/wp\/v2\/pages\/203\/revisions\/1152"}],"up":[{"embeddable":true,"href":"https:\/\/www.blgjustice.com\/es\/wp-json\/wp\/v2\/pages\/77"}],"wp:featuredmedia":[{"embeddable":true,"href":"https:\/\/www.blgjustice.com\/es\/wp-json\/wp\/v2\/media\/1095"}],"wp:attachment":[{"href":"https:\/\/www.blgjustice.com\/es\/wp-json\/wp\/v2\/media?parent=203"}],"curies":[{"name":"gracias","href":"https:\/\/api.w.org\/{rel}","templated":true}]}}