{"id":209,"date":"2020-07-15T01:40:36","date_gmt":"2020-07-15T01:40:36","guid":{"rendered":"http:\/\/blgjustice.com\/?page_id=209"},"modified":"2022-09-23T00:10:45","modified_gmt":"2022-09-23T00:10:45","slug":"plane-injuries-and-accident","status":"publish","type":"page","link":"https:\/\/www.blgjustice.com\/es\/practice-areas\/personal-injury\/plane-injuries-and-accident\/","title":{"rendered":"Lesiones y accidentes de avi\u00f3n"},"content":{"rendered":"<h3>Abogado de accidentes de avi\u00f3n de Irvine<\/h3>\n<h4>Estatuto de limitaciones para accidentes a\u00e9reos en California<\/h4>\n<p>Las v\u00edctimas, o sus familiares m\u00e1s cercanos, tienen dos a\u00f1os a partir de la fecha del accidente para presentar una reclamaci\u00f3n si hay una fatalidad en el accidente. Si ha pasado el plazo de prescripci\u00f3n, la v\u00edctima ya no puede presentar un reclamo.<\/p>\n<h4>Lesiones potenciales<\/h4>\n<ul>\n<li>Muerte<\/li>\n<li>Trastorno sicologico<\/li>\n<li><a href=\"https:\/\/www.blgjustice.com\/es\/car-accident-injuries-traumatic-brain-injuries-tbi\/\">Lesi\u00f3n cerebral traum\u00e1tica (TBI)<\/a><\/li>\n<li><a href=\"https:\/\/www.blgjustice.com\/es\/car-accident-injuries-spinal-cord-injuries\/\">Lesi\u00f3n espinal<\/a><\/li>\n<li><a href=\"https:\/\/www.blgjustice.com\/es\/california-car-accident-internal-bleeding-injuries\/\">Hemorragia interna<\/a><\/li>\n<li><a href=\"https:\/\/www.blgjustice.com\/es\/car-accident-broken-bones-injuries-in-california\/\">Huesos rotos)<\/a><\/li>\n<li>Amputaci\u00f3n<\/li>\n<\/ul>\n<h4>Tipos de accidentes<\/h4>\n<ul>\n<li>Despegue y aterrizaje vertical<\/li>\n<li>Despegue y aterrizaje vertical y \/ o corto<\/li>\n<li>Turbulencia intensa<\/li>\n<li>Embarque o desembarque<\/li>\n<li>Uso inadecuado de portaequipajes superiores<\/li>\n<li>Negligencia de la tripulaci\u00f3n o del pasajero<\/li>\n<\/ul>\n<h4>Causas de accidentes de avi\u00f3n<\/h4>\n<ul>\n<li>Error piloto<\/li>\n<li>Error mec\u00e1nico<\/li>\n<li>Error de control de tr\u00e1fico a\u00e9reo<\/li>\n<\/ul>","protected":false},"excerpt":{"rendered":"<p>Irvine Plane Accident Attorney Statute of Limitations for Plane Crashes in California Victims, or next of kin, have two years from the date of the accident to file a claim if there is a fatality in the accident. If statute of limitations has passed, the victim can no longer present a claim. Potential Injuries Death [&hellip;]<\/p>\n","protected":false},"author":1,"featured_media":1098,"parent":77,"menu_order":0,"comment_status":"closed","ping_status":"closed","template":"page-area.php","meta":{"_acf_changed":false,"footnotes":""},"acf":[],"yoast_head":"<!-- This site is optimized with the Yoast SEO plugin v24.5 - https:\/\/yoast.com\/wordpress\/plugins\/seo\/ -->\n<title>Irvine Plane Accident Attorneys | Plane Injuries Lawyer in Irvine CA<\/title>\n<meta name=\"description\" content=\"Victims, or next of kin, have two years from the date of the accident to file a claim if there is a fatality in the accident.\" \/>\n<meta name=\"robots\" content=\"index, follow, max-snippet:-1, max-image-preview:large, max-video-preview:-1\" \/>\n<link rel=\"canonical\" href=\"https:\/\/blgjustice.com\/practice-areas\/personal-injury\/plane-injuries-and-accident\/\" \/>\n<meta property=\"og:locale\" content=\"es_MX\" \/>\n<meta property=\"og:type\" content=\"article\" \/>\n<meta property=\"og:title\" content=\"Irvine Plane Accident Attorneys | Plane Injuries Lawyer in Irvine CA\" \/>\n<meta property=\"og:description\" content=\"Victims, or next of kin, have two years from the date of the accident to file a claim if there is a fatality in the accident.\" \/>\n<meta property=\"og:url\" content=\"https:\/\/blgjustice.com\/practice-areas\/personal-injury\/plane-injuries-and-accident\/\" \/>\n<meta property=\"og:site_name\" content=\"Brockmeier Law Group\" \/>\n<meta property=\"article:modified_time\" content=\"2022-09-23T00:10:45+00:00\" \/>\n<meta property=\"og:image\" content=\"https:\/\/blgjustice.com\/wp-content\/uploads\/2022\/09\/Fill-the-plane-with-fire-fighting-foam-after-emergency-landing.jpg\" \/>\n\t<meta property=\"og:image:width\" content=\"964\" \/>\n\t<meta property=\"og:image:height\" content=\"401\" \/>\n\t<meta property=\"og:image:type\" content=\"image\/jpeg\" \/>\n<meta name=\"twitter:card\" content=\"summary_large_image\" \/>\n<meta name=\"twitter:label1\" content=\"Tiempo de lectura\" \/>\n\t<meta name=\"twitter:data1\" content=\"1 minuto\" \/>\n<script type=\"application\/ld+json\" class=\"yoast-schema-graph\">{\"@context\":\"https:\/\/schema.org\",\"@graph\":[{\"@type\":\"WebPage\",\"@id\":\"https:\/\/blgjustice.com\/practice-areas\/personal-injury\/plane-injuries-and-accident\/\",\"url\":\"https:\/\/blgjustice.com\/practice-areas\/personal-injury\/plane-injuries-and-accident\/\",\"name\":\"Irvine Plane Accident Attorneys | Plane Injuries Lawyer in Irvine CA\",\"isPartOf\":{\"@id\":\"https:\/\/www.blgjustice.com\/#website\"},\"primaryImageOfPage\":{\"@id\":\"https:\/\/blgjustice.com\/practice-areas\/personal-injury\/plane-injuries-and-accident\/#primaryimage\"},\"image\":{\"@id\":\"https:\/\/blgjustice.com\/practice-areas\/personal-injury\/plane-injuries-and-accident\/#primaryimage\"},\"thumbnailUrl\":\"https:\/\/www.blgjustice.com\/wp-content\/uploads\/2022\/09\/Fill-the-plane-with-fire-fighting-foam-after-emergency-landing.jpg\",\"datePublished\":\"2020-07-15T01:40:36+00:00\",\"dateModified\":\"2022-09-23T00:10:45+00:00\",\"description\":\"Victims, or next of kin, have two years from the date of the accident to file a claim if there is a fatality in the accident.\",\"breadcrumb\":{\"@id\":\"https:\/\/blgjustice.com\/practice-areas\/personal-injury\/plane-injuries-and-accident\/#breadcrumb\"},\"inLanguage\":\"es\",\"potentialAction\":[{\"@type\":\"ReadAction\",\"target\":[\"https:\/\/blgjustice.com\/practice-areas\/personal-injury\/plane-injuries-and-accident\/\"]}]},{\"@type\":\"ImageObject\",\"inLanguage\":\"es\",\"@id\":\"https:\/\/blgjustice.com\/practice-areas\/personal-injury\/plane-injuries-and-accident\/#primaryimage\",\"url\":\"https:\/\/www.blgjustice.com\/wp-content\/uploads\/2022\/09\/Fill-the-plane-with-fire-fighting-foam-after-emergency-landing.jpg\",\"contentUrl\":\"https:\/\/www.blgjustice.com\/wp-content\/uploads\/2022\/09\/Fill-the-plane-with-fire-fighting-foam-after-emergency-landing.jpg\",\"width\":964,\"height\":401,\"caption\":\"fill the plane with fire-fighting foam after emergency landing\"},{\"@type\":\"BreadcrumbList\",\"@id\":\"https:\/\/blgjustice.com\/practice-areas\/personal-injury\/plane-injuries-and-accident\/#breadcrumb\",\"itemListElement\":[{\"@type\":\"ListItem\",\"position\":1,\"name\":\"Home\",\"item\":\"https:\/\/www.blgjustice.com\/\"},{\"@type\":\"ListItem\",\"position\":2,\"name\":\"Practice Areas\",\"item\":\"https:\/\/blgjustice.com\/es\/practice-areas\/\"},{\"@type\":\"ListItem\",\"position\":3,\"name\":\"Personal Injury\",\"item\":\"https:\/\/blgjustice.com\/es\/practice-areas\/personal-injury\/\"},{\"@type\":\"ListItem\",\"position\":4,\"name\":\"Plane Injuries and Accident\"}]},{\"@type\":\"WebSite\",\"@id\":\"https:\/\/www.blgjustice.com\/#website\",\"url\":\"https:\/\/www.blgjustice.com\/\",\"name\":\"Brockmeier Law Group\",\"description\":\"\",\"potentialAction\":[{\"@type\":\"SearchAction\",\"target\":{\"@type\":\"EntryPoint\",\"urlTemplate\":\"https:\/\/www.blgjustice.com\/?s={search_term_string}\"},\"query-input\":{\"@type\":\"PropertyValueSpecification\",\"valueRequired\":true,\"valueName\":\"search_term_string\"}}],\"inLanguage\":\"es\"}]}<\/script>\n<!-- \/ Yoast SEO plugin. -->","yoast_head_json":{"title":"Abogados de accidentes a\u00e9reos en Irvine | Abogado de lesiones a\u00e9reas en Irvine, CA","description":"Las v\u00edctimas o sus familiares m\u00e1s cercanos tienen dos a\u00f1os a partir de la fecha del accidente para presentar una reclamaci\u00f3n si se produce una fatalidad en el accidente.","robots":{"index":"index","follow":"follow","max-snippet":"max-snippet:-1","max-image-preview":"max-image-preview:large","max-video-preview":"max-video-preview:-1"},"canonical":"https:\/\/blgjustice.com\/practice-areas\/personal-injury\/plane-injuries-and-accident\/","og_locale":"es_MX","og_type":"article","og_title":"Irvine Plane Accident Attorneys | Plane Injuries Lawyer in Irvine CA","og_description":"Victims, or next of kin, have two years from the date of the accident to file a claim if there is a fatality in the accident.","og_url":"https:\/\/blgjustice.com\/practice-areas\/personal-injury\/plane-injuries-and-accident\/","og_site_name":"Brockmeier Law Group","article_modified_time":"2022-09-23T00:10:45+00:00","og_image":[{"width":964,"height":401,"url":"https:\/\/blgjustice.com\/wp-content\/uploads\/2022\/09\/Fill-the-plane-with-fire-fighting-foam-after-emergency-landing.jpg","type":"image\/jpeg"}],"twitter_card":"summary_large_image","twitter_misc":{"Tiempo de lectura":"1 minuto"},"schema":{"@context":"https:\/\/schema.org","@graph":[{"@type":"WebPage","@id":"https:\/\/blgjustice.com\/practice-areas\/personal-injury\/plane-injuries-and-accident\/","url":"https:\/\/blgjustice.com\/practice-areas\/personal-injury\/plane-injuries-and-accident\/","name":"Abogados de accidentes a\u00e9reos en Irvine | Abogado de lesiones a\u00e9reas en Irvine, CA","isPartOf":{"@id":"https:\/\/www.blgjustice.com\/#website"},"primaryImageOfPage":{"@id":"https:\/\/blgjustice.com\/practice-areas\/personal-injury\/plane-injuries-and-accident\/#primaryimage"},"image":{"@id":"https:\/\/blgjustice.com\/practice-areas\/personal-injury\/plane-injuries-and-accident\/#primaryimage"},"thumbnailUrl":"https:\/\/www.blgjustice.com\/wp-content\/uploads\/2022\/09\/Fill-the-plane-with-fire-fighting-foam-after-emergency-landing.jpg","datePublished":"2020-07-15T01:40:36+00:00","dateModified":"2022-09-23T00:10:45+00:00","description":"Las v\u00edctimas o sus familiares m\u00e1s cercanos tienen dos a\u00f1os a partir de la fecha del accidente para presentar una reclamaci\u00f3n si se produce una fatalidad en el accidente.","breadcrumb":{"@id":"https:\/\/blgjustice.com\/practice-areas\/personal-injury\/plane-injuries-and-accident\/#breadcrumb"},"inLanguage":"es","potentialAction":[{"@type":"ReadAction","target":["https:\/\/blgjustice.com\/practice-areas\/personal-injury\/plane-injuries-and-accident\/"]}]},{"@type":"ImageObject","inLanguage":"es","@id":"https:\/\/blgjustice.com\/practice-areas\/personal-injury\/plane-injuries-and-accident\/#primaryimage","url":"https:\/\/www.blgjustice.com\/wp-content\/uploads\/2022\/09\/Fill-the-plane-with-fire-fighting-foam-after-emergency-landing.jpg","contentUrl":"https:\/\/www.blgjustice.com\/wp-content\/uploads\/2022\/09\/Fill-the-plane-with-fire-fighting-foam-after-emergency-landing.jpg","width":964,"height":401,"caption":"fill the plane with fire-fighting foam after emergency landing"},{"@type":"BreadcrumbList","@id":"https:\/\/blgjustice.com\/practice-areas\/personal-injury\/plane-injuries-and-accident\/#breadcrumb","itemListElement":[{"@type":"ListItem","position":1,"name":"Home","item":"https:\/\/www.blgjustice.com\/"},{"@type":"ListItem","position":2,"name":"Practice Areas","item":"https:\/\/blgjustice.com\/es\/practice-areas\/"},{"@type":"ListItem","position":3,"name":"Personal Injury","item":"https:\/\/blgjustice.com\/es\/practice-areas\/personal-injury\/"},{"@type":"ListItem","position":4,"name":"Plane Injuries and Accident"}]},{"@type":"WebSite","@id":"https:\/\/www.blgjustice.com\/#website","url":"https:\/\/www.blgjustice.com\/","name":"Brockmeier Law Group","description":"","potentialAction":[{"@type":"SearchAction","target":{"@type":"EntryPoint","urlTemplate":"https:\/\/www.blgjustice.com\/?s={search_term_string}"},"query-input":{"@type":"PropertyValueSpecification","valueRequired":true,"valueName":"search_term_string"}}],"inLanguage":"es"}]}},"_links":{"self":[{"href":"https:\/\/www.blgjustice.com\/es\/wp-json\/wp\/v2\/pages\/209"}],"collection":[{"href":"https:\/\/www.blgjustice.com\/es\/wp-json\/wp\/v2\/pages"}],"about":[{"href":"https:\/\/www.blgjustice.com\/es\/wp-json\/wp\/v2\/types\/page"}],"author":[{"embeddable":true,"href":"https:\/\/www.blgjustice.com\/es\/wp-json\/wp\/v2\/users\/1"}],"replies":[{"embeddable":true,"href":"https:\/\/www.blgjustice.com\/es\/wp-json\/wp\/v2\/comments?post=209"}],"version-history":[{"count":9,"href":"https:\/\/www.blgjustice.com\/es\/wp-json\/wp\/v2\/pages\/209\/revisions"}],"predecessor-version":[{"id":1158,"href":"https:\/\/www.blgjustice.com\/es\/wp-json\/wp\/v2\/pages\/209\/revisions\/1158"}],"up":[{"embeddable":true,"href":"https:\/\/www.blgjustice.com\/es\/wp-json\/wp\/v2\/pages\/77"}],"wp:featuredmedia":[{"embeddable":true,"href":"https:\/\/www.blgjustice.com\/es\/wp-json\/wp\/v2\/media\/1098"}],"wp:attachment":[{"href":"https:\/\/www.blgjustice.com\/es\/wp-json\/wp\/v2\/media?parent=209"}],"curies":[{"name":"gracias","href":"https:\/\/api.w.org\/{rel}","templated":true}]}}