{"id":215,"date":"2020-07-15T01:47:05","date_gmt":"2020-07-15T01:47:05","guid":{"rendered":"http:\/\/blgjustice.com\/?page_id=215"},"modified":"2022-09-22T23:33:18","modified_gmt":"2022-09-22T23:33:18","slug":"catastrophic-injuries","status":"publish","type":"page","link":"https:\/\/www.blgjustice.com\/es\/practice-areas\/personal-injury\/catastrophic-injuries\/","title":{"rendered":"Lesiones catastr\u00f3ficas"},"content":{"rendered":"<h3>Abogado de lesiones catastr\u00f3ficas de Irvine<\/h3>\n<p>Las lesiones catastr\u00f3ficas son lesiones que afectan gravemente a la v\u00edctima.<\/p>\n<h4>Lesiones potenciales<\/h4>\n<ul>\n<li><a href=\"https:\/\/www.blgjustice.com\/es\/car-accident-injuries-traumatic-brain-injuries-tbi\/\">Lesiones cerebrales traum\u00e1ticas (TBI)<\/a><\/li>\n<li>Da\u00f1o en el nervio<\/li>\n<li><a href=\"https:\/\/www.blgjustice.com\/es\/car-accident-injuries-spinal-cord-injuries\/\">Lesiones de la m\u00e9dula espinal<\/a><\/li>\n<li>Heridas en la cabeza<\/li>\n<li>Fractura de cr\u00e1neo<\/li>\n<li>Lesiones de cuello<\/li>\n<li>Lesiones de espalda<\/li>\n<li>Par\u00e1lisis<\/li>\n<li>Amputaciones<\/li>\n<li><a href=\"https:\/\/www.blgjustice.com\/es\/california-car-accident-internal-bleeding-injuries\/\">Heridas internas<\/a><\/li>\n<li>Quemaduras<\/li>\n<\/ul>\n<h4>Causas de lesiones catastr\u00f3ficas<\/h4>\n<ul>\n<li><a href=\"https:\/\/www.blgjustice.com\/es\/common-premises-liability-accidents-injuries-and-compensation\/\">Responsabilidad de las instalaciones<\/a><\/li>\n<li>Accidente automovil\u00edstico<\/li>\n<li>Semi accidente<\/li>\n<li>Accidente de motocicleta<\/li>\n<li>Accidente de bus<\/li>\n<li>Accidente comercial<\/li>\n<li>Accidente de uber<\/li>\n<li>Accidente de avion<\/li>\n<li>Accidente laboral<\/li>\n<\/ul>\n<h4>Compensaci\u00f3n potencial por lesiones catastr\u00f3ficas<\/h4>\n<ul>\n<li>Da\u00f1os espec\u00edficos, es decir, facturas m\u00e9dicas pasadas y futuras, salarios perdidos pasados y futuros o modificaciones a la casa o al veh\u00edculo.<\/li>\n<li>Da\u00f1os generales, es decir, dolor y sufrimiento, angustia emocional, discapacidad permanente.<\/li>\n<\/ul>","protected":false},"excerpt":{"rendered":"<p>Irvine Catastrophic Injuries Attorney Catastrophic Injuries are injuries that severely affect a victim Potential Injuries Traumatic brain injuries (TBI) Nerve damage Spinal cord injuries Head injuries Skull fracture Neck injuries Back injuries Paralysis Amputations Internal injuries Burn injuries Causes of Catastrophic Injuries Premises liability Auto accident Semi accident Motorcycle accident Bus accident Commercial accident Uber [&hellip;]<\/p>\n","protected":false},"author":1,"featured_media":1093,"parent":77,"menu_order":0,"comment_status":"closed","ping_status":"closed","template":"page-area.php","meta":{"_acf_changed":false,"footnotes":""},"acf":[],"yoast_head":"<!-- This site is optimized with the Yoast SEO plugin v24.5 - https:\/\/yoast.com\/wordpress\/plugins\/seo\/ -->\n<title>CA Catastrophic Injuries Lawyers | Irvine Personal Injury Attorney<\/title>\n<meta name=\"description\" content=\"Brockmeier Law Group Irvine Catastrophic Injuries Attorneys can help you or your loved one was seriously injured in an accident.\" \/>\n<meta name=\"robots\" content=\"index, follow, max-snippet:-1, max-image-preview:large, max-video-preview:-1\" \/>\n<link rel=\"canonical\" href=\"https:\/\/blgjustice.com\/es\/practice-areas\/personal-injury\/catastrophic-injuries\/\" \/>\n<meta property=\"og:locale\" content=\"es_MX\" \/>\n<meta property=\"og:type\" content=\"article\" \/>\n<meta property=\"og:title\" content=\"CA Catastrophic Injuries Lawyers | Irvine Personal Injury Attorney\" \/>\n<meta property=\"og:description\" content=\"Brockmeier Law Group Irvine Catastrophic Injuries Attorneys can help you or your loved one was seriously injured in an accident.\" \/>\n<meta property=\"og:url\" content=\"https:\/\/blgjustice.com\/es\/practice-areas\/personal-injury\/catastrophic-injuries\/\" \/>\n<meta property=\"og:site_name\" content=\"Brockmeier Law Group\" \/>\n<meta property=\"article:modified_time\" content=\"2022-09-22T23:33:18+00:00\" \/>\n<meta property=\"og:image\" content=\"https:\/\/blgjustice.com\/wp-content\/uploads\/2022\/09\/Paramedics-Saving-Life-of-a-Traffic-Accident-Victim.jpg\" \/>\n\t<meta property=\"og:image:width\" content=\"964\" \/>\n\t<meta property=\"og:image:height\" content=\"401\" \/>\n\t<meta property=\"og:image:type\" content=\"image\/jpeg\" \/>\n<meta name=\"twitter:card\" content=\"summary_large_image\" \/>\n<meta name=\"twitter:label1\" content=\"Tiempo de lectura\" \/>\n\t<meta name=\"twitter:data1\" content=\"1 minuto\" \/>\n<script type=\"application\/ld+json\" class=\"yoast-schema-graph\">{\"@context\":\"https:\/\/schema.org\",\"@graph\":[{\"@type\":\"WebPage\",\"@id\":\"https:\/\/blgjustice.com\/es\/practice-areas\/personal-injury\/catastrophic-injuries\/\",\"url\":\"https:\/\/blgjustice.com\/es\/practice-areas\/personal-injury\/catastrophic-injuries\/\",\"name\":\"CA Catastrophic Injuries Lawyers | Irvine Personal Injury Attorney\",\"isPartOf\":{\"@id\":\"https:\/\/www.blgjustice.com\/#website\"},\"primaryImageOfPage\":{\"@id\":\"https:\/\/blgjustice.com\/es\/practice-areas\/personal-injury\/catastrophic-injuries\/#primaryimage\"},\"image\":{\"@id\":\"https:\/\/blgjustice.com\/es\/practice-areas\/personal-injury\/catastrophic-injuries\/#primaryimage\"},\"thumbnailUrl\":\"https:\/\/www.blgjustice.com\/wp-content\/uploads\/2022\/09\/Paramedics-Saving-Life-of-a-Traffic-Accident-Victim.jpg\",\"datePublished\":\"2020-07-15T01:47:05+00:00\",\"dateModified\":\"2022-09-22T23:33:18+00:00\",\"description\":\"Brockmeier Law Group Irvine Catastrophic Injuries Attorneys can help you or your loved one was seriously injured in an accident.\",\"breadcrumb\":{\"@id\":\"https:\/\/blgjustice.com\/es\/practice-areas\/personal-injury\/catastrophic-injuries\/#breadcrumb\"},\"inLanguage\":\"es\",\"potentialAction\":[{\"@type\":\"ReadAction\",\"target\":[\"https:\/\/blgjustice.com\/es\/practice-areas\/personal-injury\/catastrophic-injuries\/\"]}]},{\"@type\":\"ImageObject\",\"inLanguage\":\"es\",\"@id\":\"https:\/\/blgjustice.com\/es\/practice-areas\/personal-injury\/catastrophic-injuries\/#primaryimage\",\"url\":\"https:\/\/www.blgjustice.com\/wp-content\/uploads\/2022\/09\/Paramedics-Saving-Life-of-a-Traffic-Accident-Victim.jpg\",\"contentUrl\":\"https:\/\/www.blgjustice.com\/wp-content\/uploads\/2022\/09\/Paramedics-Saving-Life-of-a-Traffic-Accident-Victim.jpg\",\"width\":964,\"height\":401,\"caption\":\"paramedics saving life of a traffic accident victim\"},{\"@type\":\"BreadcrumbList\",\"@id\":\"https:\/\/blgjustice.com\/es\/practice-areas\/personal-injury\/catastrophic-injuries\/#breadcrumb\",\"itemListElement\":[{\"@type\":\"ListItem\",\"position\":1,\"name\":\"Home\",\"item\":\"https:\/\/www.blgjustice.com\/\"},{\"@type\":\"ListItem\",\"position\":2,\"name\":\"Practice Areas\",\"item\":\"https:\/\/blgjustice.com\/es\/practice-areas\/\"},{\"@type\":\"ListItem\",\"position\":3,\"name\":\"Personal Injury\",\"item\":\"https:\/\/blgjustice.com\/es\/practice-areas\/personal-injury\/\"},{\"@type\":\"ListItem\",\"position\":4,\"name\":\"Catastrophic Injuries\"}]},{\"@type\":\"WebSite\",\"@id\":\"https:\/\/www.blgjustice.com\/#website\",\"url\":\"https:\/\/www.blgjustice.com\/\",\"name\":\"Brockmeier Law Group\",\"description\":\"\",\"potentialAction\":[{\"@type\":\"SearchAction\",\"target\":{\"@type\":\"EntryPoint\",\"urlTemplate\":\"https:\/\/www.blgjustice.com\/?s={search_term_string}\"},\"query-input\":{\"@type\":\"PropertyValueSpecification\",\"valueRequired\":true,\"valueName\":\"search_term_string\"}}],\"inLanguage\":\"es\"}]}<\/script>\n<!-- \/ Yoast SEO plugin. -->","yoast_head_json":{"title":"Abogados de lesiones catastr\u00f3ficas en California | Abogado de lesiones personales en Irvine","description":"Los abogados de lesiones catastr\u00f3ficas de Brockmeier Law Group Irvine pueden ayudarlo a usted o a su ser querido si sufri\u00f3 lesiones graves en un accidente.","robots":{"index":"index","follow":"follow","max-snippet":"max-snippet:-1","max-image-preview":"max-image-preview:large","max-video-preview":"max-video-preview:-1"},"canonical":"https:\/\/blgjustice.com\/es\/practice-areas\/personal-injury\/catastrophic-injuries\/","og_locale":"es_MX","og_type":"article","og_title":"CA Catastrophic Injuries Lawyers | Irvine Personal Injury Attorney","og_description":"Brockmeier Law Group Irvine Catastrophic Injuries Attorneys can help you or your loved one was seriously injured in an accident.","og_url":"https:\/\/blgjustice.com\/es\/practice-areas\/personal-injury\/catastrophic-injuries\/","og_site_name":"Brockmeier Law Group","article_modified_time":"2022-09-22T23:33:18+00:00","og_image":[{"width":964,"height":401,"url":"https:\/\/blgjustice.com\/wp-content\/uploads\/2022\/09\/Paramedics-Saving-Life-of-a-Traffic-Accident-Victim.jpg","type":"image\/jpeg"}],"twitter_card":"summary_large_image","twitter_misc":{"Tiempo de lectura":"1 minuto"},"schema":{"@context":"https:\/\/schema.org","@graph":[{"@type":"WebPage","@id":"https:\/\/blgjustice.com\/es\/practice-areas\/personal-injury\/catastrophic-injuries\/","url":"https:\/\/blgjustice.com\/es\/practice-areas\/personal-injury\/catastrophic-injuries\/","name":"Abogados de lesiones catastr\u00f3ficas en California | Abogado de lesiones personales en Irvine","isPartOf":{"@id":"https:\/\/www.blgjustice.com\/#website"},"primaryImageOfPage":{"@id":"https:\/\/blgjustice.com\/es\/practice-areas\/personal-injury\/catastrophic-injuries\/#primaryimage"},"image":{"@id":"https:\/\/blgjustice.com\/es\/practice-areas\/personal-injury\/catastrophic-injuries\/#primaryimage"},"thumbnailUrl":"https:\/\/www.blgjustice.com\/wp-content\/uploads\/2022\/09\/Paramedics-Saving-Life-of-a-Traffic-Accident-Victim.jpg","datePublished":"2020-07-15T01:47:05+00:00","dateModified":"2022-09-22T23:33:18+00:00","description":"Los abogados de lesiones catastr\u00f3ficas de Brockmeier Law Group Irvine pueden ayudarlo a usted o a su ser querido si sufri\u00f3 lesiones graves en un accidente.","breadcrumb":{"@id":"https:\/\/blgjustice.com\/es\/practice-areas\/personal-injury\/catastrophic-injuries\/#breadcrumb"},"inLanguage":"es","potentialAction":[{"@type":"ReadAction","target":["https:\/\/blgjustice.com\/es\/practice-areas\/personal-injury\/catastrophic-injuries\/"]}]},{"@type":"ImageObject","inLanguage":"es","@id":"https:\/\/blgjustice.com\/es\/practice-areas\/personal-injury\/catastrophic-injuries\/#primaryimage","url":"https:\/\/www.blgjustice.com\/wp-content\/uploads\/2022\/09\/Paramedics-Saving-Life-of-a-Traffic-Accident-Victim.jpg","contentUrl":"https:\/\/www.blgjustice.com\/wp-content\/uploads\/2022\/09\/Paramedics-Saving-Life-of-a-Traffic-Accident-Victim.jpg","width":964,"height":401,"caption":"paramedics saving life of a traffic accident victim"},{"@type":"BreadcrumbList","@id":"https:\/\/blgjustice.com\/es\/practice-areas\/personal-injury\/catastrophic-injuries\/#breadcrumb","itemListElement":[{"@type":"ListItem","position":1,"name":"Home","item":"https:\/\/www.blgjustice.com\/"},{"@type":"ListItem","position":2,"name":"Practice Areas","item":"https:\/\/blgjustice.com\/es\/practice-areas\/"},{"@type":"ListItem","position":3,"name":"Personal Injury","item":"https:\/\/blgjustice.com\/es\/practice-areas\/personal-injury\/"},{"@type":"ListItem","position":4,"name":"Catastrophic Injuries"}]},{"@type":"WebSite","@id":"https:\/\/www.blgjustice.com\/#website","url":"https:\/\/www.blgjustice.com\/","name":"Brockmeier Law Group","description":"","potentialAction":[{"@type":"SearchAction","target":{"@type":"EntryPoint","urlTemplate":"https:\/\/www.blgjustice.com\/?s={search_term_string}"},"query-input":{"@type":"PropertyValueSpecification","valueRequired":true,"valueName":"search_term_string"}}],"inLanguage":"es"}]}},"_links":{"self":[{"href":"https:\/\/www.blgjustice.com\/es\/wp-json\/wp\/v2\/pages\/215"}],"collection":[{"href":"https:\/\/www.blgjustice.com\/es\/wp-json\/wp\/v2\/pages"}],"about":[{"href":"https:\/\/www.blgjustice.com\/es\/wp-json\/wp\/v2\/types\/page"}],"author":[{"embeddable":true,"href":"https:\/\/www.blgjustice.com\/es\/wp-json\/wp\/v2\/users\/1"}],"replies":[{"embeddable":true,"href":"https:\/\/www.blgjustice.com\/es\/wp-json\/wp\/v2\/comments?post=215"}],"version-history":[{"count":5,"href":"https:\/\/www.blgjustice.com\/es\/wp-json\/wp\/v2\/pages\/215\/revisions"}],"predecessor-version":[{"id":1149,"href":"https:\/\/www.blgjustice.com\/es\/wp-json\/wp\/v2\/pages\/215\/revisions\/1149"}],"up":[{"embeddable":true,"href":"https:\/\/www.blgjustice.com\/es\/wp-json\/wp\/v2\/pages\/77"}],"wp:featuredmedia":[{"embeddable":true,"href":"https:\/\/www.blgjustice.com\/es\/wp-json\/wp\/v2\/media\/1093"}],"wp:attachment":[{"href":"https:\/\/www.blgjustice.com\/es\/wp-json\/wp\/v2\/media?parent=215"}],"curies":[{"name":"gracias","href":"https:\/\/api.w.org\/{rel}","templated":true}]}}