{"id":225,"date":"2020-07-15T02:27:45","date_gmt":"2020-07-15T02:27:45","guid":{"rendered":"http:\/\/blgjustice.com\/?page_id=225"},"modified":"2022-09-07T16:50:42","modified_gmt":"2022-09-07T16:50:42","slug":"broker-liability","status":"publish","type":"page","link":"https:\/\/www.blgjustice.com\/es\/practice-areas\/real-estate\/broker-liability\/","title":{"rendered":"Responsabilidad del corredor"},"content":{"rendered":"<h3>Abogados de responsabilidad de corredores de bienes ra\u00edces en Irvine<\/h3>\n<p>Los corredores de bienes ra\u00edces est\u00e1n sujetos a altos est\u00e1ndares de atenci\u00f3n y su responsabilidad aumenta con cada agente que emplean. Cuando un vendedor contrata a un corredor, \u00e9l \/ ella acepta hacer esfuerzos de buena fe para vender la propiedad real a cambio de una comisi\u00f3n. Un acuerdo de cotizaci\u00f3n puede ser abierto, neto, de agencia exclusiva o con derecho exclusivo de venta.<\/p>\n<p>Los corredores est\u00e1n expuestos a la responsabilidad de diferentes formas durante una transacci\u00f3n inmobiliaria. Los corredores de bienes ra\u00edces tienen la obligaci\u00f3n general de supervisar a sus agentes y pueden ser responsables de cualquiera de sus acciones. Esta responsabilidad puede incluir la no divulgaci\u00f3n por parte del agente o el corredor, tergiversaci\u00f3n, incumplimiento del deber o mantenimiento de registros inadecuado. Cuando una transacci\u00f3n inmobiliaria sale mal, el corredor y el agente inmobiliario suelen ser objeto de una demanda, adem\u00e1s del vendedor y \/ o comprador en el trato, dependiendo de los hechos de cada caso. Los corredores y sus empresas se consideran fiduciarios en California, incluso si obtienen una \u201crepresentaci\u00f3n dual\u201d tanto del comprador como del vendedor, una pr\u00e1ctica que no est\u00e1 permitida en muchos estados.<\/p>","protected":false},"excerpt":{"rendered":"<p>Irvine Real Estate Broker Liability Attorneys Real estate brokers are held to high standards of care and their liability is increased with each agent they employ. When a broker is hired by a seller, he\/she is agreeing to use good faith efforts to sell the real property in exchange for a commission. A listing agreement [&hellip;]<\/p>\n","protected":false},"author":1,"featured_media":1105,"parent":79,"menu_order":0,"comment_status":"closed","ping_status":"closed","template":"page-area.php","meta":{"_acf_changed":false,"footnotes":""},"acf":[],"yoast_head":"<!-- This site is optimized with the Yoast SEO plugin v24.5 - https:\/\/yoast.com\/wordpress\/plugins\/seo\/ -->\n<title>Broker Liability | Irvine Real Estate Broker Liability Attorneys<\/title>\n<meta name=\"description\" content=\"Give our Irvine Borker Liability Attorneys a call today in order to start achieving your goals in the courtroom. You can reach us at (310) 425-3431!\" \/>\n<meta name=\"robots\" content=\"index, follow, max-snippet:-1, max-image-preview:large, max-video-preview:-1\" \/>\n<link rel=\"canonical\" href=\"https:\/\/blgjustice.com\/practice-areas\/real-estate\/broker-liability\/\" \/>\n<meta property=\"og:locale\" content=\"es_MX\" \/>\n<meta property=\"og:type\" content=\"article\" \/>\n<meta property=\"og:title\" content=\"Broker Liability | Irvine Real Estate Broker Liability Attorneys\" \/>\n<meta property=\"og:description\" content=\"Give our Irvine Borker Liability Attorneys a call today in order to start achieving your goals in the courtroom. You can reach us at (310) 425-3431!\" \/>\n<meta property=\"og:url\" content=\"https:\/\/blgjustice.com\/practice-areas\/real-estate\/broker-liability\/\" \/>\n<meta property=\"og:site_name\" content=\"Brockmeier Law Group\" \/>\n<meta property=\"article:modified_time\" content=\"2022-09-07T16:50:42+00:00\" \/>\n<meta property=\"og:image\" content=\"https:\/\/blgjustice.com\/wp-content\/uploads\/2022\/09\/Human-hands-working-with-documents-at-desk-and-signing-contract.jpg\" \/>\n\t<meta property=\"og:image:width\" content=\"964\" \/>\n\t<meta property=\"og:image:height\" content=\"401\" \/>\n\t<meta property=\"og:image:type\" content=\"image\/jpeg\" \/>\n<meta name=\"twitter:card\" content=\"summary_large_image\" \/>\n<meta name=\"twitter:label1\" content=\"Tiempo de lectura\" \/>\n\t<meta name=\"twitter:data1\" content=\"1 minuto\" \/>\n<script type=\"application\/ld+json\" class=\"yoast-schema-graph\">{\"@context\":\"https:\/\/schema.org\",\"@graph\":[{\"@type\":\"WebPage\",\"@id\":\"https:\/\/blgjustice.com\/practice-areas\/real-estate\/broker-liability\/\",\"url\":\"https:\/\/blgjustice.com\/practice-areas\/real-estate\/broker-liability\/\",\"name\":\"Broker Liability | Irvine Real Estate Broker Liability Attorneys\",\"isPartOf\":{\"@id\":\"https:\/\/www.blgjustice.com\/#website\"},\"primaryImageOfPage\":{\"@id\":\"https:\/\/blgjustice.com\/practice-areas\/real-estate\/broker-liability\/#primaryimage\"},\"image\":{\"@id\":\"https:\/\/blgjustice.com\/practice-areas\/real-estate\/broker-liability\/#primaryimage\"},\"thumbnailUrl\":\"https:\/\/www.blgjustice.com\/wp-content\/uploads\/2022\/09\/Human-hands-working-with-documents-at-desk-and-signing-contract.jpg\",\"datePublished\":\"2020-07-15T02:27:45+00:00\",\"dateModified\":\"2022-09-07T16:50:42+00:00\",\"description\":\"Give our Irvine Borker Liability Attorneys a call today in order to start achieving your goals in the courtroom. You can reach us at (310) 425-3431!\",\"breadcrumb\":{\"@id\":\"https:\/\/blgjustice.com\/practice-areas\/real-estate\/broker-liability\/#breadcrumb\"},\"inLanguage\":\"es\",\"potentialAction\":[{\"@type\":\"ReadAction\",\"target\":[\"https:\/\/blgjustice.com\/practice-areas\/real-estate\/broker-liability\/\"]}]},{\"@type\":\"ImageObject\",\"inLanguage\":\"es\",\"@id\":\"https:\/\/blgjustice.com\/practice-areas\/real-estate\/broker-liability\/#primaryimage\",\"url\":\"https:\/\/www.blgjustice.com\/wp-content\/uploads\/2022\/09\/Human-hands-working-with-documents-at-desk-and-signing-contract.jpg\",\"contentUrl\":\"https:\/\/www.blgjustice.com\/wp-content\/uploads\/2022\/09\/Human-hands-working-with-documents-at-desk-and-signing-contract.jpg\",\"width\":964,\"height\":401,\"caption\":\"human hands working with documents at desk and signing contract\"},{\"@type\":\"BreadcrumbList\",\"@id\":\"https:\/\/blgjustice.com\/practice-areas\/real-estate\/broker-liability\/#breadcrumb\",\"itemListElement\":[{\"@type\":\"ListItem\",\"position\":1,\"name\":\"Home\",\"item\":\"https:\/\/www.blgjustice.com\/\"},{\"@type\":\"ListItem\",\"position\":2,\"name\":\"Practice Areas\",\"item\":\"https:\/\/blgjustice.com\/es\/practice-areas\/\"},{\"@type\":\"ListItem\",\"position\":3,\"name\":\"Real Estate\",\"item\":\"https:\/\/blgjustice.com\/practice-areas\/real-estate\/\"},{\"@type\":\"ListItem\",\"position\":4,\"name\":\"Broker Liability\"}]},{\"@type\":\"WebSite\",\"@id\":\"https:\/\/www.blgjustice.com\/#website\",\"url\":\"https:\/\/www.blgjustice.com\/\",\"name\":\"Brockmeier Law Group\",\"description\":\"\",\"potentialAction\":[{\"@type\":\"SearchAction\",\"target\":{\"@type\":\"EntryPoint\",\"urlTemplate\":\"https:\/\/www.blgjustice.com\/?s={search_term_string}\"},\"query-input\":{\"@type\":\"PropertyValueSpecification\",\"valueRequired\":true,\"valueName\":\"search_term_string\"}}],\"inLanguage\":\"es\"}]}<\/script>\n<!-- \/ Yoast SEO plugin. -->","yoast_head_json":{"title":"Responsabilidad del corredor | Abogados de responsabilidad del corredor inmobiliario de Irvine","description":"Llame hoy mismo a nuestros abogados de responsabilidad civil de Irvine Borker para empezar a lograr sus objetivos en el tribunal. \u00a1Ll\u00e1menos al (310) 425-3431!","robots":{"index":"index","follow":"follow","max-snippet":"max-snippet:-1","max-image-preview":"max-image-preview:large","max-video-preview":"max-video-preview:-1"},"canonical":"https:\/\/blgjustice.com\/practice-areas\/real-estate\/broker-liability\/","og_locale":"es_MX","og_type":"article","og_title":"Broker Liability | Irvine Real Estate Broker Liability Attorneys","og_description":"Give our Irvine Borker Liability Attorneys a call today in order to start achieving your goals in the courtroom. You can reach us at (310) 425-3431!","og_url":"https:\/\/blgjustice.com\/practice-areas\/real-estate\/broker-liability\/","og_site_name":"Brockmeier Law Group","article_modified_time":"2022-09-07T16:50:42+00:00","og_image":[{"width":964,"height":401,"url":"https:\/\/blgjustice.com\/wp-content\/uploads\/2022\/09\/Human-hands-working-with-documents-at-desk-and-signing-contract.jpg","type":"image\/jpeg"}],"twitter_card":"summary_large_image","twitter_misc":{"Tiempo de lectura":"1 minuto"},"schema":{"@context":"https:\/\/schema.org","@graph":[{"@type":"WebPage","@id":"https:\/\/blgjustice.com\/practice-areas\/real-estate\/broker-liability\/","url":"https:\/\/blgjustice.com\/practice-areas\/real-estate\/broker-liability\/","name":"Responsabilidad del corredor | Abogados de responsabilidad del corredor inmobiliario de Irvine","isPartOf":{"@id":"https:\/\/www.blgjustice.com\/#website"},"primaryImageOfPage":{"@id":"https:\/\/blgjustice.com\/practice-areas\/real-estate\/broker-liability\/#primaryimage"},"image":{"@id":"https:\/\/blgjustice.com\/practice-areas\/real-estate\/broker-liability\/#primaryimage"},"thumbnailUrl":"https:\/\/www.blgjustice.com\/wp-content\/uploads\/2022\/09\/Human-hands-working-with-documents-at-desk-and-signing-contract.jpg","datePublished":"2020-07-15T02:27:45+00:00","dateModified":"2022-09-07T16:50:42+00:00","description":"Llame hoy mismo a nuestros abogados de responsabilidad civil de Irvine Borker para empezar a lograr sus objetivos en el tribunal. \u00a1Ll\u00e1menos al (310) 425-3431!","breadcrumb":{"@id":"https:\/\/blgjustice.com\/practice-areas\/real-estate\/broker-liability\/#breadcrumb"},"inLanguage":"es","potentialAction":[{"@type":"ReadAction","target":["https:\/\/blgjustice.com\/practice-areas\/real-estate\/broker-liability\/"]}]},{"@type":"ImageObject","inLanguage":"es","@id":"https:\/\/blgjustice.com\/practice-areas\/real-estate\/broker-liability\/#primaryimage","url":"https:\/\/www.blgjustice.com\/wp-content\/uploads\/2022\/09\/Human-hands-working-with-documents-at-desk-and-signing-contract.jpg","contentUrl":"https:\/\/www.blgjustice.com\/wp-content\/uploads\/2022\/09\/Human-hands-working-with-documents-at-desk-and-signing-contract.jpg","width":964,"height":401,"caption":"human hands working with documents at desk and signing contract"},{"@type":"BreadcrumbList","@id":"https:\/\/blgjustice.com\/practice-areas\/real-estate\/broker-liability\/#breadcrumb","itemListElement":[{"@type":"ListItem","position":1,"name":"Home","item":"https:\/\/www.blgjustice.com\/"},{"@type":"ListItem","position":2,"name":"Practice Areas","item":"https:\/\/blgjustice.com\/es\/practice-areas\/"},{"@type":"ListItem","position":3,"name":"Real Estate","item":"https:\/\/blgjustice.com\/practice-areas\/real-estate\/"},{"@type":"ListItem","position":4,"name":"Broker Liability"}]},{"@type":"WebSite","@id":"https:\/\/www.blgjustice.com\/#website","url":"https:\/\/www.blgjustice.com\/","name":"Brockmeier Law Group","description":"","potentialAction":[{"@type":"SearchAction","target":{"@type":"EntryPoint","urlTemplate":"https:\/\/www.blgjustice.com\/?s={search_term_string}"},"query-input":{"@type":"PropertyValueSpecification","valueRequired":true,"valueName":"search_term_string"}}],"inLanguage":"es"}]}},"_links":{"self":[{"href":"https:\/\/www.blgjustice.com\/es\/wp-json\/wp\/v2\/pages\/225"}],"collection":[{"href":"https:\/\/www.blgjustice.com\/es\/wp-json\/wp\/v2\/pages"}],"about":[{"href":"https:\/\/www.blgjustice.com\/es\/wp-json\/wp\/v2\/types\/page"}],"author":[{"embeddable":true,"href":"https:\/\/www.blgjustice.com\/es\/wp-json\/wp\/v2\/users\/1"}],"replies":[{"embeddable":true,"href":"https:\/\/www.blgjustice.com\/es\/wp-json\/wp\/v2\/comments?post=225"}],"version-history":[{"count":5,"href":"https:\/\/www.blgjustice.com\/es\/wp-json\/wp\/v2\/pages\/225\/revisions"}],"predecessor-version":[{"id":1107,"href":"https:\/\/www.blgjustice.com\/es\/wp-json\/wp\/v2\/pages\/225\/revisions\/1107"}],"up":[{"embeddable":true,"href":"https:\/\/www.blgjustice.com\/es\/wp-json\/wp\/v2\/pages\/79"}],"wp:featuredmedia":[{"embeddable":true,"href":"https:\/\/www.blgjustice.com\/es\/wp-json\/wp\/v2\/media\/1105"}],"wp:attachment":[{"href":"https:\/\/www.blgjustice.com\/es\/wp-json\/wp\/v2\/media?parent=225"}],"curies":[{"name":"gracias","href":"https:\/\/api.w.org\/{rel}","templated":true}]}}