{"id":228,"date":"2020-07-15T02:29:00","date_gmt":"2020-07-15T02:29:00","guid":{"rendered":"http:\/\/blgjustice.com\/?page_id=228"},"modified":"2022-09-23T00:32:49","modified_gmt":"2022-09-23T00:32:49","slug":"realtor-liability","status":"publish","type":"page","link":"https:\/\/www.blgjustice.com\/es\/practice-areas\/real-estate\/realtor-liability\/","title":{"rendered":"Responsabilidad inmobiliaria"},"content":{"rendered":"<h3>Abogados de responsabilidad de agentes inmobiliarios en Irvine CA<\/h3>\n<p>Los agentes inmobiliarios est\u00e1n sujetos a altos est\u00e1ndares de cuidado y su responsabilidad aumenta con cada agente que emplean. Cuando un vendedor contrata a un agente de bienes ra\u00edces, \u00e9l \/ ella acepta hacer esfuerzos de buena fe para vender la propiedad real a cambio de una comisi\u00f3n. Un acuerdo de cotizaci\u00f3n puede ser abierto, neto, de agencia exclusiva o con derecho exclusivo de venta.<\/p>\n<p><a href=\"https:\/\/www.blgjustice.com\/es\/when-can-i-sue-my-realtor\/\">agentes inmobiliarios<\/a> est\u00e1n expuestos a responsabilidad de diferentes maneras durante una transacci\u00f3n de bienes ra\u00edces. Los corredores de bienes ra\u00edces tienen el deber general de supervisar a sus agentes y pueden ser responsables de cualquiera de sus acciones. Esta responsabilidad puede incluir la no divulgaci\u00f3n por parte del agente o el corredor, tergiversaci\u00f3n, incumplimiento del deber o mantenimiento inadecuado de registros. Cuando una transacci\u00f3n de bienes ra\u00edces sale mal, el <a href=\"https:\/\/www.blgjustice.com\/es\/red-flags-in-real-estate-brokers\/\">agente de bienes ra\u00edces<\/a> son generalmente los objetivos de un juicio, adem\u00e1s del vendedor y\/o comprador en el trato, dependiendo de los hechos de cada caso. Los corredores y sus empresas se consideran fiduciarios en California, incluso si obtienen una &quot;representaci\u00f3n doble&quot; tanto del comprador como del vendedor, una pr\u00e1ctica que no est\u00e1 permitida en muchos estados.<\/p>","protected":false},"excerpt":{"rendered":"<p>Realtors Liability Attorneys in Irvine CA Realtors are held to high standards of care and their liability is increased with each agent they employ. When a realtor is hired by a seller, he\/she is agreeing to use good faith efforts to sell the real property in exchange for a commission. A listing agreement can be [&hellip;]<\/p>\n","protected":false},"author":1,"featured_media":1109,"parent":79,"menu_order":0,"comment_status":"closed","ping_status":"closed","template":"page-area.php","meta":{"_acf_changed":false,"footnotes":""},"acf":[],"yoast_head":"<!-- This site is optimized with the Yoast SEO plugin v24.5 - https:\/\/yoast.com\/wordpress\/plugins\/seo\/ -->\n<title>Realtors Liability Attorney in Irvine CA | Irvine Real Estate Attorneys<\/title>\n<meta name=\"description\" content=\"When a realtor is hired by a seller, he\/she is agreeing to use good faith efforts to sell the real property in exchange for a commission.\" \/>\n<meta name=\"robots\" content=\"index, follow, max-snippet:-1, max-image-preview:large, max-video-preview:-1\" \/>\n<link rel=\"canonical\" href=\"https:\/\/blgjustice.com\/practice-areas\/real-estate\/realtor-liability\/\" \/>\n<meta property=\"og:locale\" content=\"es_MX\" \/>\n<meta property=\"og:type\" content=\"article\" \/>\n<meta property=\"og:title\" content=\"Realtors Liability Attorney in Irvine CA | Irvine Real Estate Attorneys\" \/>\n<meta property=\"og:description\" content=\"When a realtor is hired by a seller, he\/she is agreeing to use good faith efforts to sell the real property in exchange for a commission.\" \/>\n<meta property=\"og:url\" content=\"https:\/\/blgjustice.com\/practice-areas\/real-estate\/realtor-liability\/\" \/>\n<meta property=\"og:site_name\" content=\"Brockmeier Law Group\" \/>\n<meta property=\"article:modified_time\" content=\"2022-09-23T00:32:49+00:00\" \/>\n<meta property=\"og:image\" content=\"https:\/\/blgjustice.com\/wp-content\/uploads\/2022\/09\/Young-happy-couple-in-love-getting-a-key-for-own-apartment.jpg\" \/>\n\t<meta property=\"og:image:width\" content=\"964\" \/>\n\t<meta property=\"og:image:height\" content=\"401\" \/>\n\t<meta property=\"og:image:type\" content=\"image\/jpeg\" \/>\n<meta name=\"twitter:card\" content=\"summary_large_image\" \/>\n<meta name=\"twitter:label1\" content=\"Tiempo de lectura\" \/>\n\t<meta name=\"twitter:data1\" content=\"1 minuto\" \/>\n<script type=\"application\/ld+json\" class=\"yoast-schema-graph\">{\"@context\":\"https:\/\/schema.org\",\"@graph\":[{\"@type\":\"WebPage\",\"@id\":\"https:\/\/blgjustice.com\/practice-areas\/real-estate\/realtor-liability\/\",\"url\":\"https:\/\/blgjustice.com\/practice-areas\/real-estate\/realtor-liability\/\",\"name\":\"Realtors Liability Attorney in Irvine CA | Irvine Real Estate Attorneys\",\"isPartOf\":{\"@id\":\"https:\/\/www.blgjustice.com\/#website\"},\"primaryImageOfPage\":{\"@id\":\"https:\/\/blgjustice.com\/practice-areas\/real-estate\/realtor-liability\/#primaryimage\"},\"image\":{\"@id\":\"https:\/\/blgjustice.com\/practice-areas\/real-estate\/realtor-liability\/#primaryimage\"},\"thumbnailUrl\":\"https:\/\/www.blgjustice.com\/wp-content\/uploads\/2022\/09\/Young-happy-couple-in-love-getting-a-key-for-own-apartment.jpg\",\"datePublished\":\"2020-07-15T02:29:00+00:00\",\"dateModified\":\"2022-09-23T00:32:49+00:00\",\"description\":\"When a realtor is hired by a seller, he\/she is agreeing to use good faith efforts to sell the real property in exchange for a commission.\",\"breadcrumb\":{\"@id\":\"https:\/\/blgjustice.com\/practice-areas\/real-estate\/realtor-liability\/#breadcrumb\"},\"inLanguage\":\"es\",\"potentialAction\":[{\"@type\":\"ReadAction\",\"target\":[\"https:\/\/blgjustice.com\/practice-areas\/real-estate\/realtor-liability\/\"]}]},{\"@type\":\"ImageObject\",\"inLanguage\":\"es\",\"@id\":\"https:\/\/blgjustice.com\/practice-areas\/real-estate\/realtor-liability\/#primaryimage\",\"url\":\"https:\/\/www.blgjustice.com\/wp-content\/uploads\/2022\/09\/Young-happy-couple-in-love-getting-a-key-for-own-apartment.jpg\",\"contentUrl\":\"https:\/\/www.blgjustice.com\/wp-content\/uploads\/2022\/09\/Young-happy-couple-in-love-getting-a-key-for-own-apartment.jpg\",\"width\":964,\"height\":401,\"caption\":\"young happy couple in love getting a key for own apartment\"},{\"@type\":\"BreadcrumbList\",\"@id\":\"https:\/\/blgjustice.com\/practice-areas\/real-estate\/realtor-liability\/#breadcrumb\",\"itemListElement\":[{\"@type\":\"ListItem\",\"position\":1,\"name\":\"Home\",\"item\":\"https:\/\/www.blgjustice.com\/\"},{\"@type\":\"ListItem\",\"position\":2,\"name\":\"Practice Areas\",\"item\":\"https:\/\/blgjustice.com\/es\/practice-areas\/\"},{\"@type\":\"ListItem\",\"position\":3,\"name\":\"Real Estate\",\"item\":\"https:\/\/blgjustice.com\/practice-areas\/real-estate\/\"},{\"@type\":\"ListItem\",\"position\":4,\"name\":\"Realtor Liability\"}]},{\"@type\":\"WebSite\",\"@id\":\"https:\/\/www.blgjustice.com\/#website\",\"url\":\"https:\/\/www.blgjustice.com\/\",\"name\":\"Brockmeier Law Group\",\"description\":\"\",\"potentialAction\":[{\"@type\":\"SearchAction\",\"target\":{\"@type\":\"EntryPoint\",\"urlTemplate\":\"https:\/\/www.blgjustice.com\/?s={search_term_string}\"},\"query-input\":{\"@type\":\"PropertyValueSpecification\",\"valueRequired\":true,\"valueName\":\"search_term_string\"}}],\"inLanguage\":\"es\"}]}<\/script>\n<!-- \/ Yoast SEO plugin. -->","yoast_head_json":{"title":"Abogado de Responsabilidad Civil de Agentes Inmobiliarios en Irvine, CA | Abogados de Bienes Ra\u00edces en Irvine","description":"Cuando un agente inmobiliario es contratada por un vendedor, \u00e9l\/ella acepta hacer esfuerzos de buena fe para vender la propiedad inmobiliaria a cambio de una comisi\u00f3n.","robots":{"index":"index","follow":"follow","max-snippet":"max-snippet:-1","max-image-preview":"max-image-preview:large","max-video-preview":"max-video-preview:-1"},"canonical":"https:\/\/blgjustice.com\/practice-areas\/real-estate\/realtor-liability\/","og_locale":"es_MX","og_type":"article","og_title":"Realtors Liability Attorney in Irvine CA | Irvine Real Estate Attorneys","og_description":"When a realtor is hired by a seller, he\/she is agreeing to use good faith efforts to sell the real property in exchange for a commission.","og_url":"https:\/\/blgjustice.com\/practice-areas\/real-estate\/realtor-liability\/","og_site_name":"Brockmeier Law Group","article_modified_time":"2022-09-23T00:32:49+00:00","og_image":[{"width":964,"height":401,"url":"https:\/\/blgjustice.com\/wp-content\/uploads\/2022\/09\/Young-happy-couple-in-love-getting-a-key-for-own-apartment.jpg","type":"image\/jpeg"}],"twitter_card":"summary_large_image","twitter_misc":{"Tiempo de lectura":"1 minuto"},"schema":{"@context":"https:\/\/schema.org","@graph":[{"@type":"WebPage","@id":"https:\/\/blgjustice.com\/practice-areas\/real-estate\/realtor-liability\/","url":"https:\/\/blgjustice.com\/practice-areas\/real-estate\/realtor-liability\/","name":"Abogado de Responsabilidad Civil de Agentes Inmobiliarios en Irvine, CA | Abogados de Bienes Ra\u00edces en Irvine","isPartOf":{"@id":"https:\/\/www.blgjustice.com\/#website"},"primaryImageOfPage":{"@id":"https:\/\/blgjustice.com\/practice-areas\/real-estate\/realtor-liability\/#primaryimage"},"image":{"@id":"https:\/\/blgjustice.com\/practice-areas\/real-estate\/realtor-liability\/#primaryimage"},"thumbnailUrl":"https:\/\/www.blgjustice.com\/wp-content\/uploads\/2022\/09\/Young-happy-couple-in-love-getting-a-key-for-own-apartment.jpg","datePublished":"2020-07-15T02:29:00+00:00","dateModified":"2022-09-23T00:32:49+00:00","description":"Cuando un agente inmobiliario es contratada por un vendedor, \u00e9l\/ella acepta hacer esfuerzos de buena fe para vender la propiedad inmobiliaria a cambio de una comisi\u00f3n.","breadcrumb":{"@id":"https:\/\/blgjustice.com\/practice-areas\/real-estate\/realtor-liability\/#breadcrumb"},"inLanguage":"es","potentialAction":[{"@type":"ReadAction","target":["https:\/\/blgjustice.com\/practice-areas\/real-estate\/realtor-liability\/"]}]},{"@type":"ImageObject","inLanguage":"es","@id":"https:\/\/blgjustice.com\/practice-areas\/real-estate\/realtor-liability\/#primaryimage","url":"https:\/\/www.blgjustice.com\/wp-content\/uploads\/2022\/09\/Young-happy-couple-in-love-getting-a-key-for-own-apartment.jpg","contentUrl":"https:\/\/www.blgjustice.com\/wp-content\/uploads\/2022\/09\/Young-happy-couple-in-love-getting-a-key-for-own-apartment.jpg","width":964,"height":401,"caption":"young happy couple in love getting a key for own apartment"},{"@type":"BreadcrumbList","@id":"https:\/\/blgjustice.com\/practice-areas\/real-estate\/realtor-liability\/#breadcrumb","itemListElement":[{"@type":"ListItem","position":1,"name":"Home","item":"https:\/\/www.blgjustice.com\/"},{"@type":"ListItem","position":2,"name":"Practice Areas","item":"https:\/\/blgjustice.com\/es\/practice-areas\/"},{"@type":"ListItem","position":3,"name":"Real Estate","item":"https:\/\/blgjustice.com\/practice-areas\/real-estate\/"},{"@type":"ListItem","position":4,"name":"Realtor Liability"}]},{"@type":"WebSite","@id":"https:\/\/www.blgjustice.com\/#website","url":"https:\/\/www.blgjustice.com\/","name":"Brockmeier Law Group","description":"","potentialAction":[{"@type":"SearchAction","target":{"@type":"EntryPoint","urlTemplate":"https:\/\/www.blgjustice.com\/?s={search_term_string}"},"query-input":{"@type":"PropertyValueSpecification","valueRequired":true,"valueName":"search_term_string"}}],"inLanguage":"es"}]}},"_links":{"self":[{"href":"https:\/\/www.blgjustice.com\/es\/wp-json\/wp\/v2\/pages\/228"}],"collection":[{"href":"https:\/\/www.blgjustice.com\/es\/wp-json\/wp\/v2\/pages"}],"about":[{"href":"https:\/\/www.blgjustice.com\/es\/wp-json\/wp\/v2\/types\/page"}],"author":[{"embeddable":true,"href":"https:\/\/www.blgjustice.com\/es\/wp-json\/wp\/v2\/users\/1"}],"replies":[{"embeddable":true,"href":"https:\/\/www.blgjustice.com\/es\/wp-json\/wp\/v2\/comments?post=228"}],"version-history":[{"count":5,"href":"https:\/\/www.blgjustice.com\/es\/wp-json\/wp\/v2\/pages\/228\/revisions"}],"predecessor-version":[{"id":1188,"href":"https:\/\/www.blgjustice.com\/es\/wp-json\/wp\/v2\/pages\/228\/revisions\/1188"}],"up":[{"embeddable":true,"href":"https:\/\/www.blgjustice.com\/es\/wp-json\/wp\/v2\/pages\/79"}],"wp:featuredmedia":[{"embeddable":true,"href":"https:\/\/www.blgjustice.com\/es\/wp-json\/wp\/v2\/media\/1109"}],"wp:attachment":[{"href":"https:\/\/www.blgjustice.com\/es\/wp-json\/wp\/v2\/media?parent=228"}],"curies":[{"name":"gracias","href":"https:\/\/api.w.org\/{rel}","templated":true}]}}