{"id":230,"date":"2020-07-15T02:29:41","date_gmt":"2020-07-15T02:29:41","guid":{"rendered":"http:\/\/blgjustice.com\/?page_id=230"},"modified":"2022-09-22T23:00:26","modified_gmt":"2022-09-22T23:00:26","slug":"contracts","status":"publish","type":"page","link":"https:\/\/www.blgjustice.com\/es\/practice-areas\/business-litigation\/contracts\/","title":{"rendered":"Contratos"},"content":{"rendered":"<h3>Abogado de contratos comerciales de Irvine<\/h3>\n<p>El acuerdo espec\u00edfico entre un agente de bienes ra\u00edces y un cliente puede imponer deberes al agente que van m\u00e1s all\u00e1 de sus deberes generales de trato honesto y justo. Cuando los agentes inmobiliarios <a href=\"https:\/\/www.blgjustice.com\/es\/breach-of-real-estate-contract-consequences\/\">incumplir un contrato<\/a> con un cliente, pueden ser responsables de las p\u00e9rdidas financieras derivadas de ese incumplimiento.<\/p>","protected":false},"excerpt":{"rendered":"<p>Abogado de contratos comerciales de Irvine El acuerdo espec\u00edfico entre un agente de bienes ra\u00edces y un cliente puede imponer deberes al agente que van m\u00e1s all\u00e1 de sus deberes generales de trato honesto y justo. Cuando los agentes inmobiliarios incumplen un contrato con un cliente, pueden ser responsables de las p\u00e9rdidas financieras derivadas de ese incumplimiento.<\/p>","protected":false},"author":1,"featured_media":1081,"parent":81,"menu_order":0,"comment_status":"closed","ping_status":"closed","template":"page-area.php","meta":{"_acf_changed":false,"footnotes":""},"acf":[],"yoast_head":"<!-- This site is optimized with the Yoast SEO plugin v24.5 - https:\/\/yoast.com\/wordpress\/plugins\/seo\/ -->\n<title>Irvine Business Contract Attorneys | Brockmeier Law Group<\/title>\n<meta name=\"description\" content=\"When real estate agents breach a contract with a client, they can be liable for the financial losses stemming from that breach.\" \/>\n<meta name=\"robots\" content=\"index, follow, max-snippet:-1, max-image-preview:large, max-video-preview:-1\" \/>\n<link rel=\"canonical\" href=\"https:\/\/blgjustice.com\/practice-areas\/business-litigation\/contracts\/\" \/>\n<meta property=\"og:locale\" content=\"es_MX\" \/>\n<meta property=\"og:type\" content=\"article\" \/>\n<meta property=\"og:title\" content=\"Irvine Business Contract Attorneys | Brockmeier Law Group\" \/>\n<meta property=\"og:description\" content=\"When real estate agents breach a contract with a client, they can be liable for the financial losses stemming from that breach.\" \/>\n<meta property=\"og:url\" content=\"https:\/\/blgjustice.com\/practice-areas\/business-litigation\/contracts\/\" \/>\n<meta property=\"og:site_name\" content=\"Brockmeier Law Group\" \/>\n<meta property=\"article:modified_time\" content=\"2022-09-22T23:00:26+00:00\" \/>\n<meta property=\"og:image\" content=\"https:\/\/blgjustice.com\/wp-content\/uploads\/2022\/09\/Mans-notary-public-hand-pointing-at-the-contract.jpg\" \/>\n\t<meta property=\"og:image:width\" content=\"964\" \/>\n\t<meta property=\"og:image:height\" content=\"401\" \/>\n\t<meta property=\"og:image:type\" content=\"image\/jpeg\" \/>\n<meta name=\"twitter:card\" content=\"summary_large_image\" \/>\n<meta name=\"twitter:label1\" content=\"Tiempo de lectura\" \/>\n\t<meta name=\"twitter:data1\" content=\"1 minuto\" \/>\n<script type=\"application\/ld+json\" class=\"yoast-schema-graph\">{\"@context\":\"https:\/\/schema.org\",\"@graph\":[{\"@type\":\"WebPage\",\"@id\":\"https:\/\/blgjustice.com\/practice-areas\/business-litigation\/contracts\/\",\"url\":\"https:\/\/blgjustice.com\/practice-areas\/business-litigation\/contracts\/\",\"name\":\"Irvine Business Contract Attorneys | Brockmeier Law Group\",\"isPartOf\":{\"@id\":\"https:\/\/www.blgjustice.com\/#website\"},\"primaryImageOfPage\":{\"@id\":\"https:\/\/blgjustice.com\/practice-areas\/business-litigation\/contracts\/#primaryimage\"},\"image\":{\"@id\":\"https:\/\/blgjustice.com\/practice-areas\/business-litigation\/contracts\/#primaryimage\"},\"thumbnailUrl\":\"https:\/\/www.blgjustice.com\/wp-content\/uploads\/2022\/09\/Mans-notary-public-hand-pointing-at-the-contract.jpg\",\"datePublished\":\"2020-07-15T02:29:41+00:00\",\"dateModified\":\"2022-09-22T23:00:26+00:00\",\"description\":\"When real estate agents breach a contract with a client, they can be liable for the financial losses stemming from that breach.\",\"breadcrumb\":{\"@id\":\"https:\/\/blgjustice.com\/practice-areas\/business-litigation\/contracts\/#breadcrumb\"},\"inLanguage\":\"es\",\"potentialAction\":[{\"@type\":\"ReadAction\",\"target\":[\"https:\/\/blgjustice.com\/practice-areas\/business-litigation\/contracts\/\"]}]},{\"@type\":\"ImageObject\",\"inLanguage\":\"es\",\"@id\":\"https:\/\/blgjustice.com\/practice-areas\/business-litigation\/contracts\/#primaryimage\",\"url\":\"https:\/\/www.blgjustice.com\/wp-content\/uploads\/2022\/09\/Mans-notary-public-hand-pointing-at-the-contract.jpg\",\"contentUrl\":\"https:\/\/www.blgjustice.com\/wp-content\/uploads\/2022\/09\/Mans-notary-public-hand-pointing-at-the-contract.jpg\",\"width\":964,\"height\":401,\"caption\":\"man's notary public hand pointing at the contract\"},{\"@type\":\"BreadcrumbList\",\"@id\":\"https:\/\/blgjustice.com\/practice-areas\/business-litigation\/contracts\/#breadcrumb\",\"itemListElement\":[{\"@type\":\"ListItem\",\"position\":1,\"name\":\"Home\",\"item\":\"https:\/\/www.blgjustice.com\/\"},{\"@type\":\"ListItem\",\"position\":2,\"name\":\"Practice Areas\",\"item\":\"https:\/\/blgjustice.com\/es\/practice-areas\/\"},{\"@type\":\"ListItem\",\"position\":3,\"name\":\"Business Litigation\",\"item\":\"https:\/\/blgjustice.com\/es\/practice-areas\/business-litigation\/\"},{\"@type\":\"ListItem\",\"position\":4,\"name\":\"Contracts\"}]},{\"@type\":\"WebSite\",\"@id\":\"https:\/\/www.blgjustice.com\/#website\",\"url\":\"https:\/\/www.blgjustice.com\/\",\"name\":\"Brockmeier Law Group\",\"description\":\"\",\"potentialAction\":[{\"@type\":\"SearchAction\",\"target\":{\"@type\":\"EntryPoint\",\"urlTemplate\":\"https:\/\/www.blgjustice.com\/?s={search_term_string}\"},\"query-input\":{\"@type\":\"PropertyValueSpecification\",\"valueRequired\":true,\"valueName\":\"search_term_string\"}}],\"inLanguage\":\"es\"}]}<\/script>\n<!-- \/ Yoast SEO plugin. -->","yoast_head_json":{"title":"Abogados de contratos comerciales en Irvine | Brockmeier Law Group","description":"Cuando los agentes inmobiliarios incumplen un contrato con un cliente, pueden ser responsables de las p\u00e9rdidas financieras derivadas de dicho incumplimiento.","robots":{"index":"index","follow":"follow","max-snippet":"max-snippet:-1","max-image-preview":"max-image-preview:large","max-video-preview":"max-video-preview:-1"},"canonical":"https:\/\/blgjustice.com\/practice-areas\/business-litigation\/contracts\/","og_locale":"es_MX","og_type":"article","og_title":"Irvine Business Contract Attorneys | Brockmeier Law Group","og_description":"When real estate agents breach a contract with a client, they can be liable for the financial losses stemming from that breach.","og_url":"https:\/\/blgjustice.com\/practice-areas\/business-litigation\/contracts\/","og_site_name":"Brockmeier Law Group","article_modified_time":"2022-09-22T23:00:26+00:00","og_image":[{"width":964,"height":401,"url":"https:\/\/blgjustice.com\/wp-content\/uploads\/2022\/09\/Mans-notary-public-hand-pointing-at-the-contract.jpg","type":"image\/jpeg"}],"twitter_card":"summary_large_image","twitter_misc":{"Tiempo de lectura":"1 minuto"},"schema":{"@context":"https:\/\/schema.org","@graph":[{"@type":"WebPage","@id":"https:\/\/blgjustice.com\/practice-areas\/business-litigation\/contracts\/","url":"https:\/\/blgjustice.com\/practice-areas\/business-litigation\/contracts\/","name":"Abogados de contratos comerciales en Irvine | Brockmeier Law Group","isPartOf":{"@id":"https:\/\/www.blgjustice.com\/#website"},"primaryImageOfPage":{"@id":"https:\/\/blgjustice.com\/practice-areas\/business-litigation\/contracts\/#primaryimage"},"image":{"@id":"https:\/\/blgjustice.com\/practice-areas\/business-litigation\/contracts\/#primaryimage"},"thumbnailUrl":"https:\/\/www.blgjustice.com\/wp-content\/uploads\/2022\/09\/Mans-notary-public-hand-pointing-at-the-contract.jpg","datePublished":"2020-07-15T02:29:41+00:00","dateModified":"2022-09-22T23:00:26+00:00","description":"Cuando los agentes inmobiliarios incumplen un contrato con un cliente, pueden ser responsables de las p\u00e9rdidas financieras derivadas de dicho incumplimiento.","breadcrumb":{"@id":"https:\/\/blgjustice.com\/practice-areas\/business-litigation\/contracts\/#breadcrumb"},"inLanguage":"es","potentialAction":[{"@type":"ReadAction","target":["https:\/\/blgjustice.com\/practice-areas\/business-litigation\/contracts\/"]}]},{"@type":"ImageObject","inLanguage":"es","@id":"https:\/\/blgjustice.com\/practice-areas\/business-litigation\/contracts\/#primaryimage","url":"https:\/\/www.blgjustice.com\/wp-content\/uploads\/2022\/09\/Mans-notary-public-hand-pointing-at-the-contract.jpg","contentUrl":"https:\/\/www.blgjustice.com\/wp-content\/uploads\/2022\/09\/Mans-notary-public-hand-pointing-at-the-contract.jpg","width":964,"height":401,"caption":"man's notary public hand pointing at the contract"},{"@type":"BreadcrumbList","@id":"https:\/\/blgjustice.com\/practice-areas\/business-litigation\/contracts\/#breadcrumb","itemListElement":[{"@type":"ListItem","position":1,"name":"Home","item":"https:\/\/www.blgjustice.com\/"},{"@type":"ListItem","position":2,"name":"Practice Areas","item":"https:\/\/blgjustice.com\/es\/practice-areas\/"},{"@type":"ListItem","position":3,"name":"Business Litigation","item":"https:\/\/blgjustice.com\/es\/practice-areas\/business-litigation\/"},{"@type":"ListItem","position":4,"name":"Contracts"}]},{"@type":"WebSite","@id":"https:\/\/www.blgjustice.com\/#website","url":"https:\/\/www.blgjustice.com\/","name":"Brockmeier Law Group","description":"","potentialAction":[{"@type":"SearchAction","target":{"@type":"EntryPoint","urlTemplate":"https:\/\/www.blgjustice.com\/?s={search_term_string}"},"query-input":{"@type":"PropertyValueSpecification","valueRequired":true,"valueName":"search_term_string"}}],"inLanguage":"es"}]}},"_links":{"self":[{"href":"https:\/\/www.blgjustice.com\/es\/wp-json\/wp\/v2\/pages\/230"}],"collection":[{"href":"https:\/\/www.blgjustice.com\/es\/wp-json\/wp\/v2\/pages"}],"about":[{"href":"https:\/\/www.blgjustice.com\/es\/wp-json\/wp\/v2\/types\/page"}],"author":[{"embeddable":true,"href":"https:\/\/www.blgjustice.com\/es\/wp-json\/wp\/v2\/users\/1"}],"replies":[{"embeddable":true,"href":"https:\/\/www.blgjustice.com\/es\/wp-json\/wp\/v2\/comments?post=230"}],"version-history":[{"count":4,"href":"https:\/\/www.blgjustice.com\/es\/wp-json\/wp\/v2\/pages\/230\/revisions"}],"predecessor-version":[{"id":1198,"href":"https:\/\/www.blgjustice.com\/es\/wp-json\/wp\/v2\/pages\/230\/revisions\/1198"}],"up":[{"embeddable":true,"href":"https:\/\/www.blgjustice.com\/es\/wp-json\/wp\/v2\/pages\/81"}],"wp:featuredmedia":[{"embeddable":true,"href":"https:\/\/www.blgjustice.com\/es\/wp-json\/wp\/v2\/media\/1081"}],"wp:attachment":[{"href":"https:\/\/www.blgjustice.com\/es\/wp-json\/wp\/v2\/media?parent=230"}],"curies":[{"name":"gracias","href":"https:\/\/api.w.org\/{rel}","templated":true}]}}