{"id":241,"date":"2020-07-15T02:37:53","date_gmt":"2020-07-15T02:37:53","guid":{"rendered":"http:\/\/blgjustice.com\/?page_id=241"},"modified":"2022-09-22T23:22:01","modified_gmt":"2022-09-22T23:22:01","slug":"residential","status":"publish","type":"page","link":"https:\/\/www.blgjustice.com\/es\/practice-areas\/landlord-and-tenant\/residential\/","title":{"rendered":"Residencial"},"content":{"rendered":"<h3>Abogado de contrato de arrendamiento residencial de Irvine<\/h3>\n<p>California tiene muchas leyes que se aplican a cada contrato de arrendamiento residencial en el estado, ejemplos de las cuales incluyen la garant\u00eda de habitabilidad, el pacto de disfrute tranquilo y el desalojo por represalia de derecho com\u00fan. Estos reclamos pueden ser amplios e incluir fallas en el suministro de calefacci\u00f3n, agua, techos adecuados, plomer\u00eda o el intento del propietario de aumentar el alquiler o desalojar cuando un inquilino presenta una queja o solicita una reparaci\u00f3n. Los reclamos son muy t\u00e9cnicos y requieren la asistencia de un abogado experto para ayudar tanto a los propietarios como a los inquilinos a comprender sus derechos y hacerlos cumplir. De hecho, el control del alquiler, la ubicaci\u00f3n de la ciudad, el clima y la antig\u00fcedad de las unidades pueden ser factores independientes que cambian el mismo caso dependiendo de si se trata de un arrendamiento en el interior o en la playa. Podemos ayudarlo a navegar por estas aguas y obtener justicia donde otros no pueden.<\/p>\n<h4>Infracciones potenciales<\/h4>\n<ul>\n<li>Incumplimiento de contrato<\/li>\n<li>Incumplimiento de la garant\u00eda impl\u00edcita de habitabilidad<\/li>\n<li>Violaci\u00f3n del pacto de goce silencioso<\/li>\n<li>Violaci\u00f3n de los requisitos legales de los dep\u00f3sitos de garant\u00eda<\/li>\n<li>Incumplimiento<\/li>\n<li>Falta de pago<\/li>\n<li>Desalojo en represalia<\/li>\n<li>Fraude<\/li>\n<li>Violaci\u00f3n de la secci\u00f3n 296 (c) del C\u00f3digo Penal<\/li>\n<li>Negligencia<\/li>\n<li>Infligir intencional y negligentemente angustia emocional<\/li>\n<li>Medidas cautelares<\/li>\n<li>Detenci\u00f3n ilegal<\/li>\n<\/ul>","protected":false},"excerpt":{"rendered":"<p>Irvine Residential Lease Agreement Lawyer California has many laws that run with every residential lease agreement in the State, examples of which include the warranty of habitability, covenant of quiet enjoyment, and common law retaliatory eviction. These claims can be broad and include failures to provide heating, water, adequate roofing, plumbing, or a landlord&#8217;s attempt [&hellip;]<\/p>\n","protected":false},"author":1,"featured_media":1089,"parent":83,"menu_order":0,"comment_status":"closed","ping_status":"closed","template":"page-area.php","meta":{"_acf_changed":false,"footnotes":""},"acf":[],"yoast_head":"<!-- This site is optimized with the Yoast SEO plugin v24.5 - https:\/\/yoast.com\/wordpress\/plugins\/seo\/ -->\n<title>Irvine CA Residential Lease Agreement Lawyer<\/title>\n<meta name=\"description\" content=\"Residential lease agreements include warranty of habitability, covenant of quiet enjoyment and common law retaliatory eviction.\" \/>\n<meta name=\"robots\" content=\"index, follow, max-snippet:-1, max-image-preview:large, max-video-preview:-1\" \/>\n<link rel=\"canonical\" href=\"https:\/\/blgjustice.com\/practice-areas\/landlord-and-tenant\/residential\/\" \/>\n<meta property=\"og:locale\" content=\"es_MX\" \/>\n<meta property=\"og:type\" content=\"article\" \/>\n<meta property=\"og:title\" content=\"Irvine CA Residential Lease Agreement Lawyer\" \/>\n<meta property=\"og:description\" content=\"Residential lease agreements include warranty of habitability, covenant of quiet enjoyment and common law retaliatory eviction.\" \/>\n<meta property=\"og:url\" content=\"https:\/\/blgjustice.com\/practice-areas\/landlord-and-tenant\/residential\/\" \/>\n<meta property=\"og:site_name\" content=\"Brockmeier Law Group\" \/>\n<meta property=\"article:modified_time\" content=\"2022-09-22T23:22:01+00:00\" \/>\n<meta property=\"og:image\" content=\"https:\/\/blgjustice.com\/wp-content\/uploads\/2022\/09\/A-real-estate-agent-for-a-real-estate-project-is-talking-to-venture-capitalists.jpg\" \/>\n\t<meta property=\"og:image:width\" content=\"964\" \/>\n\t<meta property=\"og:image:height\" content=\"401\" \/>\n\t<meta property=\"og:image:type\" content=\"image\/jpeg\" \/>\n<meta name=\"twitter:card\" content=\"summary_large_image\" \/>\n<meta name=\"twitter:label1\" content=\"Tiempo de lectura\" \/>\n\t<meta name=\"twitter:data1\" content=\"1 minuto\" \/>\n<script type=\"application\/ld+json\" class=\"yoast-schema-graph\">{\"@context\":\"https:\/\/schema.org\",\"@graph\":[{\"@type\":\"WebPage\",\"@id\":\"https:\/\/blgjustice.com\/practice-areas\/landlord-and-tenant\/residential\/\",\"url\":\"https:\/\/blgjustice.com\/practice-areas\/landlord-and-tenant\/residential\/\",\"name\":\"Irvine CA Residential Lease Agreement Lawyer\",\"isPartOf\":{\"@id\":\"https:\/\/www.blgjustice.com\/#website\"},\"primaryImageOfPage\":{\"@id\":\"https:\/\/blgjustice.com\/practice-areas\/landlord-and-tenant\/residential\/#primaryimage\"},\"image\":{\"@id\":\"https:\/\/blgjustice.com\/practice-areas\/landlord-and-tenant\/residential\/#primaryimage\"},\"thumbnailUrl\":\"https:\/\/www.blgjustice.com\/wp-content\/uploads\/2022\/09\/A-real-estate-agent-for-a-real-estate-project-is-talking-to-venture-capitalists.jpg\",\"datePublished\":\"2020-07-15T02:37:53+00:00\",\"dateModified\":\"2022-09-22T23:22:01+00:00\",\"description\":\"Residential lease agreements include warranty of habitability, covenant of quiet enjoyment and common law retaliatory eviction.\",\"breadcrumb\":{\"@id\":\"https:\/\/blgjustice.com\/practice-areas\/landlord-and-tenant\/residential\/#breadcrumb\"},\"inLanguage\":\"es\",\"potentialAction\":[{\"@type\":\"ReadAction\",\"target\":[\"https:\/\/blgjustice.com\/practice-areas\/landlord-and-tenant\/residential\/\"]}]},{\"@type\":\"ImageObject\",\"inLanguage\":\"es\",\"@id\":\"https:\/\/blgjustice.com\/practice-areas\/landlord-and-tenant\/residential\/#primaryimage\",\"url\":\"https:\/\/www.blgjustice.com\/wp-content\/uploads\/2022\/09\/A-real-estate-agent-for-a-real-estate-project-is-talking-to-venture-capitalists.jpg\",\"contentUrl\":\"https:\/\/www.blgjustice.com\/wp-content\/uploads\/2022\/09\/A-real-estate-agent-for-a-real-estate-project-is-talking-to-venture-capitalists.jpg\",\"width\":964,\"height\":401,\"caption\":\"a real estate agent for a real estate project is talking to venture capitalists\"},{\"@type\":\"BreadcrumbList\",\"@id\":\"https:\/\/blgjustice.com\/practice-areas\/landlord-and-tenant\/residential\/#breadcrumb\",\"itemListElement\":[{\"@type\":\"ListItem\",\"position\":1,\"name\":\"Home\",\"item\":\"https:\/\/www.blgjustice.com\/\"},{\"@type\":\"ListItem\",\"position\":2,\"name\":\"Practice Areas\",\"item\":\"https:\/\/blgjustice.com\/es\/practice-areas\/\"},{\"@type\":\"ListItem\",\"position\":3,\"name\":\"Landlord and Tenant\",\"item\":\"https:\/\/blgjustice.com\/es\/practice-areas\/landlord-and-tenant\/\"},{\"@type\":\"ListItem\",\"position\":4,\"name\":\"Residential\"}]},{\"@type\":\"WebSite\",\"@id\":\"https:\/\/www.blgjustice.com\/#website\",\"url\":\"https:\/\/www.blgjustice.com\/\",\"name\":\"Brockmeier Law Group\",\"description\":\"\",\"potentialAction\":[{\"@type\":\"SearchAction\",\"target\":{\"@type\":\"EntryPoint\",\"urlTemplate\":\"https:\/\/www.blgjustice.com\/?s={search_term_string}\"},\"query-input\":{\"@type\":\"PropertyValueSpecification\",\"valueRequired\":true,\"valueName\":\"search_term_string\"}}],\"inLanguage\":\"es\"}]}<\/script>\n<!-- \/ Yoast SEO plugin. -->","yoast_head_json":{"title":"Abogado de contratos de arrendamiento residencial en Irvine, CA","description":"Los contratos de arrendamiento residencial incluyen garant\u00eda de habitabilidad, pacto de goce tranquilo y desalojo por represalia seg\u00fan el derecho consuetudinario.","robots":{"index":"index","follow":"follow","max-snippet":"max-snippet:-1","max-image-preview":"max-image-preview:large","max-video-preview":"max-video-preview:-1"},"canonical":"https:\/\/blgjustice.com\/practice-areas\/landlord-and-tenant\/residential\/","og_locale":"es_MX","og_type":"article","og_title":"Irvine CA Residential Lease Agreement Lawyer","og_description":"Residential lease agreements include warranty of habitability, covenant of quiet enjoyment and common law retaliatory eviction.","og_url":"https:\/\/blgjustice.com\/practice-areas\/landlord-and-tenant\/residential\/","og_site_name":"Brockmeier Law Group","article_modified_time":"2022-09-22T23:22:01+00:00","og_image":[{"width":964,"height":401,"url":"https:\/\/blgjustice.com\/wp-content\/uploads\/2022\/09\/A-real-estate-agent-for-a-real-estate-project-is-talking-to-venture-capitalists.jpg","type":"image\/jpeg"}],"twitter_card":"summary_large_image","twitter_misc":{"Tiempo de lectura":"1 minuto"},"schema":{"@context":"https:\/\/schema.org","@graph":[{"@type":"WebPage","@id":"https:\/\/blgjustice.com\/practice-areas\/landlord-and-tenant\/residential\/","url":"https:\/\/blgjustice.com\/practice-areas\/landlord-and-tenant\/residential\/","name":"Abogado de contratos de arrendamiento residencial en Irvine, CA","isPartOf":{"@id":"https:\/\/www.blgjustice.com\/#website"},"primaryImageOfPage":{"@id":"https:\/\/blgjustice.com\/practice-areas\/landlord-and-tenant\/residential\/#primaryimage"},"image":{"@id":"https:\/\/blgjustice.com\/practice-areas\/landlord-and-tenant\/residential\/#primaryimage"},"thumbnailUrl":"https:\/\/www.blgjustice.com\/wp-content\/uploads\/2022\/09\/A-real-estate-agent-for-a-real-estate-project-is-talking-to-venture-capitalists.jpg","datePublished":"2020-07-15T02:37:53+00:00","dateModified":"2022-09-22T23:22:01+00:00","description":"Los contratos de arrendamiento residencial incluyen garant\u00eda de habitabilidad, pacto de goce tranquilo y desalojo por represalia seg\u00fan el derecho consuetudinario.","breadcrumb":{"@id":"https:\/\/blgjustice.com\/practice-areas\/landlord-and-tenant\/residential\/#breadcrumb"},"inLanguage":"es","potentialAction":[{"@type":"ReadAction","target":["https:\/\/blgjustice.com\/practice-areas\/landlord-and-tenant\/residential\/"]}]},{"@type":"ImageObject","inLanguage":"es","@id":"https:\/\/blgjustice.com\/practice-areas\/landlord-and-tenant\/residential\/#primaryimage","url":"https:\/\/www.blgjustice.com\/wp-content\/uploads\/2022\/09\/A-real-estate-agent-for-a-real-estate-project-is-talking-to-venture-capitalists.jpg","contentUrl":"https:\/\/www.blgjustice.com\/wp-content\/uploads\/2022\/09\/A-real-estate-agent-for-a-real-estate-project-is-talking-to-venture-capitalists.jpg","width":964,"height":401,"caption":"a real estate agent for a real estate project is talking to venture capitalists"},{"@type":"BreadcrumbList","@id":"https:\/\/blgjustice.com\/practice-areas\/landlord-and-tenant\/residential\/#breadcrumb","itemListElement":[{"@type":"ListItem","position":1,"name":"Home","item":"https:\/\/www.blgjustice.com\/"},{"@type":"ListItem","position":2,"name":"Practice Areas","item":"https:\/\/blgjustice.com\/es\/practice-areas\/"},{"@type":"ListItem","position":3,"name":"Landlord and Tenant","item":"https:\/\/blgjustice.com\/es\/practice-areas\/landlord-and-tenant\/"},{"@type":"ListItem","position":4,"name":"Residential"}]},{"@type":"WebSite","@id":"https:\/\/www.blgjustice.com\/#website","url":"https:\/\/www.blgjustice.com\/","name":"Brockmeier Law Group","description":"","potentialAction":[{"@type":"SearchAction","target":{"@type":"EntryPoint","urlTemplate":"https:\/\/www.blgjustice.com\/?s={search_term_string}"},"query-input":{"@type":"PropertyValueSpecification","valueRequired":true,"valueName":"search_term_string"}}],"inLanguage":"es"}]}},"_links":{"self":[{"href":"https:\/\/www.blgjustice.com\/es\/wp-json\/wp\/v2\/pages\/241"}],"collection":[{"href":"https:\/\/www.blgjustice.com\/es\/wp-json\/wp\/v2\/pages"}],"about":[{"href":"https:\/\/www.blgjustice.com\/es\/wp-json\/wp\/v2\/types\/page"}],"author":[{"embeddable":true,"href":"https:\/\/www.blgjustice.com\/es\/wp-json\/wp\/v2\/users\/1"}],"replies":[{"embeddable":true,"href":"https:\/\/www.blgjustice.com\/es\/wp-json\/wp\/v2\/comments?post=241"}],"version-history":[{"count":2,"href":"https:\/\/www.blgjustice.com\/es\/wp-json\/wp\/v2\/pages\/241\/revisions"}],"predecessor-version":[{"id":561,"href":"https:\/\/www.blgjustice.com\/es\/wp-json\/wp\/v2\/pages\/241\/revisions\/561"}],"up":[{"embeddable":true,"href":"https:\/\/www.blgjustice.com\/es\/wp-json\/wp\/v2\/pages\/83"}],"wp:featuredmedia":[{"embeddable":true,"href":"https:\/\/www.blgjustice.com\/es\/wp-json\/wp\/v2\/media\/1089"}],"wp:attachment":[{"href":"https:\/\/www.blgjustice.com\/es\/wp-json\/wp\/v2\/media?parent=241"}],"curies":[{"name":"gracias","href":"https:\/\/api.w.org\/{rel}","templated":true}]}}