{"id":3,"date":"2020-06-03T14:10:43","date_gmt":"2020-06-03T14:10:43","guid":{"rendered":"http:\/\/blgjustice.com\/?page_id=3"},"modified":"2024-08-30T08:50:40","modified_gmt":"2024-08-30T15:50:40","slug":"privacy-policy","status":"publish","type":"page","link":"https:\/\/www.blgjustice.com\/es\/privacy-policy\/","title":{"rendered":"Pol\u00edtica de privacidad"},"content":{"rendered":"<p><strong>Pol\u00edtica de privacidad y cookies en l\u00ednea<\/strong><\/p>\n<p>Brockmeier Law Group, APC y sus entidades afiliadas (en conjunto denominadas \u201cla firma\u201d) se dedican a proteger la privacidad de la informaci\u00f3n personal que puede identificar a clientes, empleados, agentes, abogados, estudiantes de derecho, solicitantes de empleo u otras personas, tanto dentro como fuera de la firma. Este compromiso se basa en nuestra adhesi\u00f3n de larga data a las normas de conducta profesional que exigen la protecci\u00f3n y confidencialidad de la informaci\u00f3n del cliente.<\/p>\n<p><strong>Resumen de privacidad y protecci\u00f3n de datos<\/strong><br \/>\nEste documento describe nuestras pr\u00e1cticas de privacidad y protecci\u00f3n de datos y tiene como objetivo informar a los clientes, posibles estudiantes de derecho, solicitantes de empleo y otras partes relevantes sobre nuestras pol\u00edticas de privacidad que puedan afectarlos. Tambi\u00e9n se aplica a las partes externas que brindan informaci\u00f3n personal, acceden a nuestros sitios web, utilizan nuestras aplicaciones m\u00f3viles, plataformas de redes sociales, extranets y cualquier comunicaci\u00f3n por correo electr\u00f3nico vinculada a esta pol\u00edtica.<\/p>\n<p><strong>Recopilaci\u00f3n y uso de informaci\u00f3n<\/strong><br \/>\nRecopilamos informaci\u00f3n personal para brindar servicios legales, durante las interacciones en nuestras plataformas digitales y de otras fuentes externas. Esta informaci\u00f3n nos ayuda a:<\/p>\n<p>\u2013 Comunicarse y responder consultas<br \/>\n\u2013 Mejorar la experiencia del usuario en plataformas digitales<br \/>\n\u2013 Realizar an\u00e1lisis de negocio<br \/>\n\u2013 Gestionar procesos de reclutamiento<br \/>\n\u2013 Brindar servicios legales a los clientes<br \/>\n\u2013 Proporcionar actualizaciones sobre desarrollos legales, de los cuales los usuarios pueden optar por no recibirlas a trav\u00e9s de las opciones de cancelaci\u00f3n de suscripci\u00f3n proporcionadas.<br \/>\n\u2013 Cumplir con las obligaciones contractuales y legales, incluidas las medidas contra el blanqueo de dinero.<\/p>\n<p><strong>Confidencialidad y seguridad de la informaci\u00f3n<\/strong><br \/>\nLa firma se compromete a mantener la confidencialidad de la informaci\u00f3n personal que se nos conf\u00eda, empleando medidas de seguridad f\u00edsicas, electr\u00f3nicas y procedimentales razonables. Exigimos a nuestros contratistas que mantengan est\u00e1ndares similares de protecci\u00f3n de datos y cumplan con las leyes de protecci\u00f3n de datos pertinentes.<\/p>\n<p><strong>Divulgaci\u00f3n y transferencia de informaci\u00f3n personal<\/strong><br \/>\nLa informaci\u00f3n personal no se comparte con terceros no relacionados, excepto en condiciones espec\u00edficas, como con proveedores de servicios que act\u00faen seg\u00fan nuestras instrucciones o seg\u00fan lo exija la ley. A nivel internacional, los datos pueden transferirse entre nuestras oficinas de conformidad con las cl\u00e1usulas contractuales est\u00e1ndar de la UE.<\/p>\n<p><strong>Uso de cookies<\/strong><br \/>\nUtilizamos cookies de sesi\u00f3n y persistentes para mejorar la funcionalidad del sitio web y la experiencia del usuario, como mantener las preferencias del usuario y proporcionar contenido personalizado. Los usuarios pueden administrar la configuraci\u00f3n de las cookies a trav\u00e9s de las preferencias de su navegador. <\/p>\n<p><strong>Derechos de protecci\u00f3n de datos<\/strong><br \/>\nLas personas de ciertas jurisdicciones, como la UE, el Reino Unido, California y Singapur, tienen derechos espec\u00edficos con respecto a su informaci\u00f3n personal, que pueden ejercerse comunic\u00e1ndose con nosotros como se describe en la secci\u00f3n \u201cCont\u00e1ctenos\u201d.<\/p>\n<p><strong>Modificaciones a esta Pol\u00edtica<\/strong><br \/>\nNos reservamos el derecho de modificar esta Declaraci\u00f3n de Privacidad en cualquier momento, y las actualizaciones se publicar\u00e1n en nuestro sitio web y en las plataformas digitales aplicables.<\/p>\n<p><strong>Informaci\u00f3n del contacto<\/strong><br \/>\nPara cualquier consulta sobre nuestras pr\u00e1cticas de privacidad o para administrar su informaci\u00f3n personal, comun\u00edquese con nuestro Director de Privacidad o nuestro Oficial de Protecci\u00f3n de Datos a trav\u00e9s del formulario de contacto del sitio web.<\/p>\n<p>Esta pol\u00edtica tiene como objetivo ayudarle a comprender nuestros compromisos en materia de privacidad y protecci\u00f3n de datos y sus derechos asociados. Si necesita m\u00e1s ayuda o quiere abordar inquietudes espec\u00edficas, comun\u00edquese con nosotros directamente.<\/p>","protected":false},"excerpt":{"rendered":"<p>Online Privacy and Cookie Policy Brockmeier Law Group, APC and its affiliated entities (collectively referred to as &#8220;the firm&#8221;) are dedicated to safeguarding the privacy of Personal Information, which may identify clients, employees, agents, attorneys, law students, job applicants, or other individuals both within and outside the firm. This commitment is rooted in our longstanding [&hellip;]<\/p>\n","protected":false},"author":1,"featured_media":0,"parent":0,"menu_order":0,"comment_status":"closed","ping_status":"open","template":"","meta":{"_acf_changed":false,"footnotes":""},"acf":[],"yoast_head":"<!-- This site is optimized with the Yoast SEO plugin v24.5 - https:\/\/yoast.com\/wordpress\/plugins\/seo\/ -->\n<title>Privacy Policy | Brockmeier Law Group | Call 310-425-3431<\/title>\n<meta name=\"description\" content=\"Give our Irvine Personal Injury Attorneys a call today in order to start achieving your goals in the courtroom. You can reach us at (310) 425-3431!\" \/>\n<meta name=\"robots\" content=\"index, follow, max-snippet:-1, max-image-preview:large, max-video-preview:-1\" \/>\n<link rel=\"canonical\" href=\"https:\/\/blgjustice.com\/privacy-policy\/\" \/>\n<meta property=\"og:locale\" content=\"es_MX\" \/>\n<meta property=\"og:type\" content=\"article\" \/>\n<meta property=\"og:title\" content=\"Privacy Policy | Brockmeier Law Group | Call 310-425-3431\" \/>\n<meta property=\"og:description\" content=\"Give our Irvine Personal Injury Attorneys a call today in order to start achieving your goals in the courtroom. You can reach us at (310) 425-3431!\" \/>\n<meta property=\"og:url\" content=\"https:\/\/blgjustice.com\/privacy-policy\/\" \/>\n<meta property=\"og:site_name\" content=\"Brockmeier Law Group\" \/>\n<meta property=\"article:modified_time\" content=\"2024-08-30T15:50:40+00:00\" \/>\n<meta name=\"twitter:card\" content=\"summary_large_image\" \/>\n<meta name=\"twitter:label1\" content=\"Tiempo de lectura\" \/>\n\t<meta name=\"twitter:data1\" content=\"1 minuto\" \/>\n<script type=\"application\/ld+json\" class=\"yoast-schema-graph\">{\"@context\":\"https:\/\/schema.org\",\"@graph\":[{\"@type\":\"WebPage\",\"@id\":\"https:\/\/blgjustice.com\/privacy-policy\/\",\"url\":\"https:\/\/blgjustice.com\/privacy-policy\/\",\"name\":\"Privacy Policy | Brockmeier Law Group | Call 310-425-3431\",\"isPartOf\":{\"@id\":\"https:\/\/www.blgjustice.com\/#website\"},\"datePublished\":\"2020-06-03T14:10:43+00:00\",\"dateModified\":\"2024-08-30T15:50:40+00:00\",\"description\":\"Give our Irvine Personal Injury Attorneys a call today in order to start achieving your goals in the courtroom. You can reach us at (310) 425-3431!\",\"breadcrumb\":{\"@id\":\"https:\/\/blgjustice.com\/privacy-policy\/#breadcrumb\"},\"inLanguage\":\"es\",\"potentialAction\":[{\"@type\":\"ReadAction\",\"target\":[\"https:\/\/blgjustice.com\/privacy-policy\/\"]}]},{\"@type\":\"BreadcrumbList\",\"@id\":\"https:\/\/blgjustice.com\/privacy-policy\/#breadcrumb\",\"itemListElement\":[{\"@type\":\"ListItem\",\"position\":1,\"name\":\"Home\",\"item\":\"https:\/\/www.blgjustice.com\/\"},{\"@type\":\"ListItem\",\"position\":2,\"name\":\"Privacy Policy\"}]},{\"@type\":\"WebSite\",\"@id\":\"https:\/\/www.blgjustice.com\/#website\",\"url\":\"https:\/\/www.blgjustice.com\/\",\"name\":\"Brockmeier Law Group\",\"description\":\"\",\"potentialAction\":[{\"@type\":\"SearchAction\",\"target\":{\"@type\":\"EntryPoint\",\"urlTemplate\":\"https:\/\/www.blgjustice.com\/?s={search_term_string}\"},\"query-input\":{\"@type\":\"PropertyValueSpecification\",\"valueRequired\":true,\"valueName\":\"search_term_string\"}}],\"inLanguage\":\"es\"}]}<\/script>\n<!-- \/ Yoast SEO plugin. -->","yoast_head_json":{"title":"Privacy Policy | Brockmeier Law Group | Call 310-425-3431","description":"Llame hoy mismo a nuestros abogados de lesiones personales de Irvine para empezar a lograr sus objetivos en el tribunal. \u00a1Ll\u00e1menos al (310) 425-3431!","robots":{"index":"index","follow":"follow","max-snippet":"max-snippet:-1","max-image-preview":"max-image-preview:large","max-video-preview":"max-video-preview:-1"},"canonical":"https:\/\/blgjustice.com\/privacy-policy\/","og_locale":"es_MX","og_type":"article","og_title":"Privacy Policy | Brockmeier Law Group | Call 310-425-3431","og_description":"Give our Irvine Personal Injury Attorneys a call today in order to start achieving your goals in the courtroom. You can reach us at (310) 425-3431!","og_url":"https:\/\/blgjustice.com\/privacy-policy\/","og_site_name":"Brockmeier Law Group","article_modified_time":"2024-08-30T15:50:40+00:00","twitter_card":"summary_large_image","twitter_misc":{"Tiempo de lectura":"1 minuto"},"schema":{"@context":"https:\/\/schema.org","@graph":[{"@type":"WebPage","@id":"https:\/\/blgjustice.com\/privacy-policy\/","url":"https:\/\/blgjustice.com\/privacy-policy\/","name":"Privacy Policy | Brockmeier Law Group | Call 310-425-3431","isPartOf":{"@id":"https:\/\/www.blgjustice.com\/#website"},"datePublished":"2020-06-03T14:10:43+00:00","dateModified":"2024-08-30T15:50:40+00:00","description":"Llame hoy mismo a nuestros abogados de lesiones personales de Irvine para empezar a lograr sus objetivos en el tribunal. \u00a1Ll\u00e1menos al (310) 425-3431!","breadcrumb":{"@id":"https:\/\/blgjustice.com\/privacy-policy\/#breadcrumb"},"inLanguage":"es","potentialAction":[{"@type":"ReadAction","target":["https:\/\/blgjustice.com\/privacy-policy\/"]}]},{"@type":"BreadcrumbList","@id":"https:\/\/blgjustice.com\/privacy-policy\/#breadcrumb","itemListElement":[{"@type":"ListItem","position":1,"name":"Home","item":"https:\/\/www.blgjustice.com\/"},{"@type":"ListItem","position":2,"name":"Privacy Policy"}]},{"@type":"WebSite","@id":"https:\/\/www.blgjustice.com\/#website","url":"https:\/\/www.blgjustice.com\/","name":"Brockmeier Law Group","description":"","potentialAction":[{"@type":"SearchAction","target":{"@type":"EntryPoint","urlTemplate":"https:\/\/www.blgjustice.com\/?s={search_term_string}"},"query-input":{"@type":"PropertyValueSpecification","valueRequired":true,"valueName":"search_term_string"}}],"inLanguage":"es"}]}},"_links":{"self":[{"href":"https:\/\/www.blgjustice.com\/es\/wp-json\/wp\/v2\/pages\/3"}],"collection":[{"href":"https:\/\/www.blgjustice.com\/es\/wp-json\/wp\/v2\/pages"}],"about":[{"href":"https:\/\/www.blgjustice.com\/es\/wp-json\/wp\/v2\/types\/page"}],"author":[{"embeddable":true,"href":"https:\/\/www.blgjustice.com\/es\/wp-json\/wp\/v2\/users\/1"}],"replies":[{"embeddable":true,"href":"https:\/\/www.blgjustice.com\/es\/wp-json\/wp\/v2\/comments?post=3"}],"version-history":[{"count":4,"href":"https:\/\/www.blgjustice.com\/es\/wp-json\/wp\/v2\/pages\/3\/revisions"}],"predecessor-version":[{"id":1537,"href":"https:\/\/www.blgjustice.com\/es\/wp-json\/wp\/v2\/pages\/3\/revisions\/1537"}],"wp:attachment":[{"href":"https:\/\/www.blgjustice.com\/es\/wp-json\/wp\/v2\/media?parent=3"}],"curies":[{"name":"gracias","href":"https:\/\/api.w.org\/{rel}","templated":true}]}}