{"id":384,"date":"2020-09-02T10:52:28","date_gmt":"2020-09-02T10:52:28","guid":{"rendered":"http:\/\/blgjustice.com\/?page_id=384"},"modified":"2022-09-23T15:56:39","modified_gmt":"2022-09-23T15:56:39","slug":"disputes","status":"publish","type":"page","link":"https:\/\/www.blgjustice.com\/es\/practice-areas\/business-litigation\/disputes\/","title":{"rendered":"Disputas comerciales"},"content":{"rendered":"<h3>Abogado de litigios comerciales de Irvine<\/h3>\n<p>Manejo efectivo de un <a href=\"https:\/\/www.blgjustice.com\/es\/most-common-business-disputes\/\">disputar<\/a> desde su inicio es fundamental para el resultado final de una empresa.<\/p>\n<h4>Posibles disputas<\/h4>\n<ul>\n<li>Disputas de secretos comerciales<\/li>\n<li>Disputas de seguros<\/li>\n<li>Disputas posteriores al cierre<\/li>\n<li>Disputas de asociaci\u00f3n<\/li>\n<\/ul>\n<h4>C\u00f3mo prepararse para un litigio comercial<\/h4>\n<p>Las empresas parecen adoptar con demasiada frecuencia un \u201cenfoque de esperar y ver qu\u00e9 pasa\u201d en las disputas y transacciones legales, con la esperanza de mantener bajos los honorarios legales al redactar los acuerdos y con la esperanza de evitarlos si surge una disputa. Estas personas no quieren enfrentarse a un litigio hasta que se presente una demanda. Esta mentalidad hace que muchas empresas com\u00fanmente tomen decisiones basadas en el temor a un litigio, e incluso a un litigio amenazado, que no hab\u00edan pensado antes de que se realizara la amenaza.<\/p>\n<p>El primer paso para prepararse para las disputas es contratar a un asesor legal o abogado para que notifique de inmediato en caso de que se presente o amenace con una demanda. Un abogado con experiencia puede brindar asesoramiento y apoyo inmediatos en situaciones que requieran decisiones r\u00e1pidas.<\/p>\n<p>La preparaci\u00f3n para el litigio mediante la revisi\u00f3n de las pr\u00e1cticas de la organizaci\u00f3n con su abogado es clave. \u00c9l o ella pueden ayudarlo a identificar qu\u00e9 \u00e1reas de su negocio son particularmente vulnerables a posibles problemas legales. Su abogado puede asesorarlo sobre las formas de proteger su empresa.<\/p>\n<p>El litigio es siempre una posibilidad en cualquier empresa, peque\u00f1a, mediana o grande. La responsabilidad no recae en el propietario de la peque\u00f1a empresa. Si su empresa no est\u00e1 preparada o se ve obligada a tomar decisiones sin el asesoramiento de un abogado experimentado, puede encontrarse en desventaja tanto antes como despu\u00e9s de que se presente una demanda.<\/p>","protected":false},"excerpt":{"rendered":"<p>Irvine Business Litigation Attorney Effectively handling a dispute from its inception is critical to a company\u2019s bottom line. Potential Disputes Trade secret disputes Insurance disputes Post-closing disputes Partnership disputes How to prepare for Business litigation Business seem too often take a \u201cwait-and-see approach\u201d to legal disputes, and transactions, hoping to keep the legal fees down [&hellip;]<\/p>\n","protected":false},"author":1,"featured_media":1204,"parent":81,"menu_order":0,"comment_status":"closed","ping_status":"closed","template":"page-area.php","meta":{"_acf_changed":false,"footnotes":""},"acf":[],"yoast_head":"<!-- This site is optimized with the Yoast SEO plugin v24.5 - https:\/\/yoast.com\/wordpress\/plugins\/seo\/ -->\n<title>Business Disputes | Irvine Business Litigation Attorney<\/title>\n<meta name=\"description\" content=\"Irvine Business Litigation Attorney can provide immediate advice and support in situations necessitating quick decisions.\" \/>\n<meta name=\"robots\" content=\"index, follow, max-snippet:-1, max-image-preview:large, max-video-preview:-1\" \/>\n<link rel=\"canonical\" href=\"https:\/\/blgjustice.com\/es\/practice-areas\/business-litigation\/disputes\/\" \/>\n<meta property=\"og:locale\" content=\"es_MX\" \/>\n<meta property=\"og:type\" content=\"article\" \/>\n<meta property=\"og:title\" content=\"Business Disputes | Irvine Business Litigation Attorney\" \/>\n<meta property=\"og:description\" content=\"Irvine Business Litigation Attorney can provide immediate advice and support in situations necessitating quick decisions.\" \/>\n<meta property=\"og:url\" content=\"https:\/\/blgjustice.com\/es\/practice-areas\/business-litigation\/disputes\/\" \/>\n<meta property=\"og:site_name\" content=\"Brockmeier Law Group\" \/>\n<meta property=\"article:modified_time\" content=\"2022-09-23T15:56:39+00:00\" \/>\n<meta property=\"og:image\" content=\"https:\/\/blgjustice.com\/wp-content\/uploads\/2022\/09\/Handshake-after-good-cooperation-2.jpg\" \/>\n\t<meta property=\"og:image:width\" content=\"964\" \/>\n\t<meta property=\"og:image:height\" content=\"401\" \/>\n\t<meta property=\"og:image:type\" content=\"image\/jpeg\" \/>\n<meta name=\"twitter:card\" content=\"summary_large_image\" \/>\n<meta name=\"twitter:label1\" content=\"Tiempo de lectura\" \/>\n\t<meta name=\"twitter:data1\" content=\"2 minutos\" \/>\n<script type=\"application\/ld+json\" class=\"yoast-schema-graph\">{\"@context\":\"https:\/\/schema.org\",\"@graph\":[{\"@type\":\"WebPage\",\"@id\":\"https:\/\/blgjustice.com\/es\/practice-areas\/business-litigation\/disputes\/\",\"url\":\"https:\/\/blgjustice.com\/es\/practice-areas\/business-litigation\/disputes\/\",\"name\":\"Business Disputes | Irvine Business Litigation Attorney\",\"isPartOf\":{\"@id\":\"https:\/\/www.blgjustice.com\/#website\"},\"primaryImageOfPage\":{\"@id\":\"https:\/\/blgjustice.com\/es\/practice-areas\/business-litigation\/disputes\/#primaryimage\"},\"image\":{\"@id\":\"https:\/\/blgjustice.com\/es\/practice-areas\/business-litigation\/disputes\/#primaryimage\"},\"thumbnailUrl\":\"https:\/\/www.blgjustice.com\/wp-content\/uploads\/2022\/09\/Handshake-after-good-cooperation-2.jpg\",\"datePublished\":\"2020-09-02T10:52:28+00:00\",\"dateModified\":\"2022-09-23T15:56:39+00:00\",\"description\":\"Irvine Business Litigation Attorney can provide immediate advice and support in situations necessitating quick decisions.\",\"breadcrumb\":{\"@id\":\"https:\/\/blgjustice.com\/es\/practice-areas\/business-litigation\/disputes\/#breadcrumb\"},\"inLanguage\":\"es\",\"potentialAction\":[{\"@type\":\"ReadAction\",\"target\":[\"https:\/\/blgjustice.com\/es\/practice-areas\/business-litigation\/disputes\/\"]}]},{\"@type\":\"ImageObject\",\"inLanguage\":\"es\",\"@id\":\"https:\/\/blgjustice.com\/es\/practice-areas\/business-litigation\/disputes\/#primaryimage\",\"url\":\"https:\/\/www.blgjustice.com\/wp-content\/uploads\/2022\/09\/Handshake-after-good-cooperation-2.jpg\",\"contentUrl\":\"https:\/\/www.blgjustice.com\/wp-content\/uploads\/2022\/09\/Handshake-after-good-cooperation-2.jpg\",\"width\":964,\"height\":401,\"caption\":\"handshake after good cooperation\"},{\"@type\":\"BreadcrumbList\",\"@id\":\"https:\/\/blgjustice.com\/es\/practice-areas\/business-litigation\/disputes\/#breadcrumb\",\"itemListElement\":[{\"@type\":\"ListItem\",\"position\":1,\"name\":\"Home\",\"item\":\"https:\/\/www.blgjustice.com\/\"},{\"@type\":\"ListItem\",\"position\":2,\"name\":\"Practice Areas\",\"item\":\"https:\/\/blgjustice.com\/es\/practice-areas\/\"},{\"@type\":\"ListItem\",\"position\":3,\"name\":\"Business Litigation\",\"item\":\"https:\/\/blgjustice.com\/es\/practice-areas\/business-litigation\/\"},{\"@type\":\"ListItem\",\"position\":4,\"name\":\"Business Disputes\"}]},{\"@type\":\"WebSite\",\"@id\":\"https:\/\/www.blgjustice.com\/#website\",\"url\":\"https:\/\/www.blgjustice.com\/\",\"name\":\"Brockmeier Law Group\",\"description\":\"\",\"potentialAction\":[{\"@type\":\"SearchAction\",\"target\":{\"@type\":\"EntryPoint\",\"urlTemplate\":\"https:\/\/www.blgjustice.com\/?s={search_term_string}\"},\"query-input\":{\"@type\":\"PropertyValueSpecification\",\"valueRequired\":true,\"valueName\":\"search_term_string\"}}],\"inLanguage\":\"es\"}]}<\/script>\n<!-- \/ Yoast SEO plugin. -->","yoast_head_json":{"title":"Disputas Comerciales | Abogado de Litigios Comerciales de Irvine","description":"El abogado de litigios comerciales de Irvine puede brindar asesoramiento y apoyo inmediato en situaciones que requieren decisiones r\u00e1pidas.","robots":{"index":"index","follow":"follow","max-snippet":"max-snippet:-1","max-image-preview":"max-image-preview:large","max-video-preview":"max-video-preview:-1"},"canonical":"https:\/\/blgjustice.com\/es\/practice-areas\/business-litigation\/disputes\/","og_locale":"es_MX","og_type":"article","og_title":"Business Disputes | Irvine Business Litigation Attorney","og_description":"Irvine Business Litigation Attorney can provide immediate advice and support in situations necessitating quick decisions.","og_url":"https:\/\/blgjustice.com\/es\/practice-areas\/business-litigation\/disputes\/","og_site_name":"Brockmeier Law Group","article_modified_time":"2022-09-23T15:56:39+00:00","og_image":[{"width":964,"height":401,"url":"https:\/\/blgjustice.com\/wp-content\/uploads\/2022\/09\/Handshake-after-good-cooperation-2.jpg","type":"image\/jpeg"}],"twitter_card":"summary_large_image","twitter_misc":{"Tiempo de lectura":"2 minutos"},"schema":{"@context":"https:\/\/schema.org","@graph":[{"@type":"WebPage","@id":"https:\/\/blgjustice.com\/es\/practice-areas\/business-litigation\/disputes\/","url":"https:\/\/blgjustice.com\/es\/practice-areas\/business-litigation\/disputes\/","name":"Disputas Comerciales | Abogado de Litigios Comerciales de Irvine","isPartOf":{"@id":"https:\/\/www.blgjustice.com\/#website"},"primaryImageOfPage":{"@id":"https:\/\/blgjustice.com\/es\/practice-areas\/business-litigation\/disputes\/#primaryimage"},"image":{"@id":"https:\/\/blgjustice.com\/es\/practice-areas\/business-litigation\/disputes\/#primaryimage"},"thumbnailUrl":"https:\/\/www.blgjustice.com\/wp-content\/uploads\/2022\/09\/Handshake-after-good-cooperation-2.jpg","datePublished":"2020-09-02T10:52:28+00:00","dateModified":"2022-09-23T15:56:39+00:00","description":"El abogado de litigios comerciales de Irvine puede brindar asesoramiento y apoyo inmediato en situaciones que requieren decisiones r\u00e1pidas.","breadcrumb":{"@id":"https:\/\/blgjustice.com\/es\/practice-areas\/business-litigation\/disputes\/#breadcrumb"},"inLanguage":"es","potentialAction":[{"@type":"ReadAction","target":["https:\/\/blgjustice.com\/es\/practice-areas\/business-litigation\/disputes\/"]}]},{"@type":"ImageObject","inLanguage":"es","@id":"https:\/\/blgjustice.com\/es\/practice-areas\/business-litigation\/disputes\/#primaryimage","url":"https:\/\/www.blgjustice.com\/wp-content\/uploads\/2022\/09\/Handshake-after-good-cooperation-2.jpg","contentUrl":"https:\/\/www.blgjustice.com\/wp-content\/uploads\/2022\/09\/Handshake-after-good-cooperation-2.jpg","width":964,"height":401,"caption":"handshake after good cooperation"},{"@type":"BreadcrumbList","@id":"https:\/\/blgjustice.com\/es\/practice-areas\/business-litigation\/disputes\/#breadcrumb","itemListElement":[{"@type":"ListItem","position":1,"name":"Home","item":"https:\/\/www.blgjustice.com\/"},{"@type":"ListItem","position":2,"name":"Practice Areas","item":"https:\/\/blgjustice.com\/es\/practice-areas\/"},{"@type":"ListItem","position":3,"name":"Business Litigation","item":"https:\/\/blgjustice.com\/es\/practice-areas\/business-litigation\/"},{"@type":"ListItem","position":4,"name":"Business Disputes"}]},{"@type":"WebSite","@id":"https:\/\/www.blgjustice.com\/#website","url":"https:\/\/www.blgjustice.com\/","name":"Brockmeier Law Group","description":"","potentialAction":[{"@type":"SearchAction","target":{"@type":"EntryPoint","urlTemplate":"https:\/\/www.blgjustice.com\/?s={search_term_string}"},"query-input":{"@type":"PropertyValueSpecification","valueRequired":true,"valueName":"search_term_string"}}],"inLanguage":"es"}]}},"_links":{"self":[{"href":"https:\/\/www.blgjustice.com\/es\/wp-json\/wp\/v2\/pages\/384"}],"collection":[{"href":"https:\/\/www.blgjustice.com\/es\/wp-json\/wp\/v2\/pages"}],"about":[{"href":"https:\/\/www.blgjustice.com\/es\/wp-json\/wp\/v2\/types\/page"}],"author":[{"embeddable":true,"href":"https:\/\/www.blgjustice.com\/es\/wp-json\/wp\/v2\/users\/1"}],"replies":[{"embeddable":true,"href":"https:\/\/www.blgjustice.com\/es\/wp-json\/wp\/v2\/comments?post=384"}],"version-history":[{"count":3,"href":"https:\/\/www.blgjustice.com\/es\/wp-json\/wp\/v2\/pages\/384\/revisions"}],"predecessor-version":[{"id":1190,"href":"https:\/\/www.blgjustice.com\/es\/wp-json\/wp\/v2\/pages\/384\/revisions\/1190"}],"up":[{"embeddable":true,"href":"https:\/\/www.blgjustice.com\/es\/wp-json\/wp\/v2\/pages\/81"}],"wp:featuredmedia":[{"embeddable":true,"href":"https:\/\/www.blgjustice.com\/es\/wp-json\/wp\/v2\/media\/1204"}],"wp:attachment":[{"href":"https:\/\/www.blgjustice.com\/es\/wp-json\/wp\/v2\/media?parent=384"}],"curies":[{"name":"gracias","href":"https:\/\/api.w.org\/{rel}","templated":true}]}}