{"id":77,"date":"2020-06-04T15:08:04","date_gmt":"2020-06-04T15:08:04","guid":{"rendered":"http:\/\/blgjustice.com\/?page_id=77"},"modified":"2022-09-22T23:23:01","modified_gmt":"2022-09-22T23:23:01","slug":"personal-injury","status":"publish","type":"page","link":"https:\/\/www.blgjustice.com\/es\/practice-areas\/personal-injury\/","title":{"rendered":"Lesi\u00f3n personal"},"content":{"rendered":"<h3>Abogado de lesiones de California<\/h3>\n<p>Mantenemos un enfoque individualizado para todos nuestros clientes de lesiones personales, cuyos casos incluyen lesiones catastr\u00f3ficas, <a href=\"https:\/\/www.blgjustice.com\/es\/suffered-a-wrongful-death-in-the-family-due-to-an-intoxicated-driver\/\">muerte injusta<\/a>, p\u00e9rdida de consorcio, <a href=\"https:\/\/www.blgjustice.com\/es\/car-accident-injuries-spinal-cord-injuries\/\">lesiones de la m\u00e9dula<\/a> y cirug\u00edas, <a href=\"https:\/\/www.blgjustice.com\/es\/car-accident-injuries-traumatic-brain-injuries-tbi\/\">lesiones cerebrales traum\u00e1ticas<\/a>y TEPT. Hemos recuperado millones de d\u00f3lares para nuestros clientes y continuamos luchando en nombre de las personas lesionadas todos los d\u00edas.<\/p>\n<ul>\n<li>Accidente de responsabilidad de locales<\/li>\n<li>Accidente automovil\u00edstico: Auto vs. Auto<\/li>\n<li>Semi Accidente: Auto vs. Semi<\/li>\n<li>Accidente de motocicleta<\/li>\n<li>Accidente de bus<\/li>\n<li>Accidente por mordedura de perro<\/li>\n<li>Accidente de veh\u00edculo comercial<\/li>\n<li>Accidente de Uber<\/li>\n<li>Lesiones y accidentes de avi\u00f3n<\/li>\n<li>Accidentes y lesiones de peatones<\/li>\n<li>Lesiones<\/li>\n<li>Lesiones catastr\u00f3ficas<\/li>\n<li>Agresi\u00f3n y acoso sexual<\/li>\n<li>Muerte injusta<\/li>\n<li>Accidentes de automovilistas sin seguro o con seguro insuficiente<\/li>\n<\/ul>","protected":false},"excerpt":{"rendered":"<p>California Injury Attorney We maintain an individualized approach to all of our personal injury clients, whose cases include catastrophic injuries, wrongful death, loss of consortium, spinal injuries and surgeries, traumatic brain injuries, and PTSD. We have recovered millions of dollars for our clients and continue to fight on behalf of injured people every day. Premises [&hellip;]<\/p>\n","protected":false},"author":1,"featured_media":176,"parent":8,"menu_order":0,"comment_status":"closed","ping_status":"closed","template":"page-area.php","meta":{"_acf_changed":false,"footnotes":""},"acf":[],"yoast_head":"<!-- This site is optimized with the Yoast SEO plugin v24.5 - https:\/\/yoast.com\/wordpress\/plugins\/seo\/ -->\n<title>Irvine CA Personal Injury Attorney | Brockmeier Law Group<\/title>\n<meta name=\"description\" content=\"Brockmeier Law Group has recovered millions of dollars for our clients and continue to fight on behalf of injured people every day.\" \/>\n<meta name=\"robots\" content=\"index, follow, max-snippet:-1, max-image-preview:large, max-video-preview:-1\" \/>\n<link rel=\"canonical\" href=\"https:\/\/blgjustice.com\/es\/practice-areas\/personal-injury\/\" \/>\n<meta property=\"og:locale\" content=\"es_MX\" \/>\n<meta property=\"og:type\" content=\"article\" \/>\n<meta property=\"og:title\" content=\"Irvine CA Personal Injury Attorney | Brockmeier Law Group\" \/>\n<meta property=\"og:description\" content=\"Brockmeier Law Group has recovered millions of dollars for our clients and continue to fight on behalf of injured people every day.\" \/>\n<meta property=\"og:url\" content=\"https:\/\/blgjustice.com\/es\/practice-areas\/personal-injury\/\" \/>\n<meta property=\"og:site_name\" content=\"Brockmeier Law Group\" \/>\n<meta property=\"article:modified_time\" content=\"2022-09-22T23:23:01+00:00\" \/>\n<meta property=\"og:image\" content=\"https:\/\/blgjustice.com\/wp-content\/uploads\/2020\/06\/img-prac-personal-injury.jpg\" \/>\n\t<meta property=\"og:image:width\" content=\"964\" \/>\n\t<meta property=\"og:image:height\" content=\"401\" \/>\n\t<meta property=\"og:image:type\" content=\"image\/jpeg\" \/>\n<meta name=\"twitter:card\" content=\"summary_large_image\" \/>\n<meta name=\"twitter:label1\" content=\"Tiempo de lectura\" \/>\n\t<meta name=\"twitter:data1\" content=\"1 minuto\" \/>\n<script type=\"application\/ld+json\" class=\"yoast-schema-graph\">{\"@context\":\"https:\/\/schema.org\",\"@graph\":[{\"@type\":\"WebPage\",\"@id\":\"https:\/\/blgjustice.com\/es\/practice-areas\/personal-injury\/\",\"url\":\"https:\/\/blgjustice.com\/es\/practice-areas\/personal-injury\/\",\"name\":\"Irvine CA Personal Injury Attorney | Brockmeier Law Group\",\"isPartOf\":{\"@id\":\"https:\/\/www.blgjustice.com\/#website\"},\"primaryImageOfPage\":{\"@id\":\"https:\/\/blgjustice.com\/es\/practice-areas\/personal-injury\/#primaryimage\"},\"image\":{\"@id\":\"https:\/\/blgjustice.com\/es\/practice-areas\/personal-injury\/#primaryimage\"},\"thumbnailUrl\":\"https:\/\/www.blgjustice.com\/wp-content\/uploads\/2020\/06\/img-prac-personal-injury.jpg\",\"datePublished\":\"2020-06-04T15:08:04+00:00\",\"dateModified\":\"2022-09-22T23:23:01+00:00\",\"description\":\"Brockmeier Law Group has recovered millions of dollars for our clients and continue to fight on behalf of injured people every day.\",\"breadcrumb\":{\"@id\":\"https:\/\/blgjustice.com\/es\/practice-areas\/personal-injury\/#breadcrumb\"},\"inLanguage\":\"es\",\"potentialAction\":[{\"@type\":\"ReadAction\",\"target\":[\"https:\/\/blgjustice.com\/es\/practice-areas\/personal-injury\/\"]}]},{\"@type\":\"ImageObject\",\"inLanguage\":\"es\",\"@id\":\"https:\/\/blgjustice.com\/es\/practice-areas\/personal-injury\/#primaryimage\",\"url\":\"https:\/\/www.blgjustice.com\/wp-content\/uploads\/2020\/06\/img-prac-personal-injury.jpg\",\"contentUrl\":\"https:\/\/www.blgjustice.com\/wp-content\/uploads\/2020\/06\/img-prac-personal-injury.jpg\",\"width\":964,\"height\":401,\"caption\":\"doctor pointing on his client's laboratory result\"},{\"@type\":\"BreadcrumbList\",\"@id\":\"https:\/\/blgjustice.com\/es\/practice-areas\/personal-injury\/#breadcrumb\",\"itemListElement\":[{\"@type\":\"ListItem\",\"position\":1,\"name\":\"Home\",\"item\":\"https:\/\/www.blgjustice.com\/\"},{\"@type\":\"ListItem\",\"position\":2,\"name\":\"Practice Areas\",\"item\":\"https:\/\/blgjustice.com\/es\/practice-areas\/\"},{\"@type\":\"ListItem\",\"position\":3,\"name\":\"Personal Injury\"}]},{\"@type\":\"WebSite\",\"@id\":\"https:\/\/www.blgjustice.com\/#website\",\"url\":\"https:\/\/www.blgjustice.com\/\",\"name\":\"Brockmeier Law Group\",\"description\":\"\",\"potentialAction\":[{\"@type\":\"SearchAction\",\"target\":{\"@type\":\"EntryPoint\",\"urlTemplate\":\"https:\/\/www.blgjustice.com\/?s={search_term_string}\"},\"query-input\":{\"@type\":\"PropertyValueSpecification\",\"valueRequired\":true,\"valueName\":\"search_term_string\"}}],\"inLanguage\":\"es\"}]}<\/script>\n<!-- \/ Yoast SEO plugin. -->","yoast_head_json":{"title":"Abogado de lesiones personales en Irvine, CA | Brockmeier Law Group","description":"Brockmeier Law Group ha recuperado millones de d\u00f3lares para nuestros clientes y contin\u00faa luchando en nombre de las personas lesionadas todos los d\u00edas.","robots":{"index":"index","follow":"follow","max-snippet":"max-snippet:-1","max-image-preview":"max-image-preview:large","max-video-preview":"max-video-preview:-1"},"canonical":"https:\/\/blgjustice.com\/es\/practice-areas\/personal-injury\/","og_locale":"es_MX","og_type":"article","og_title":"Irvine CA Personal Injury Attorney | Brockmeier Law Group","og_description":"Brockmeier Law Group has recovered millions of dollars for our clients and continue to fight on behalf of injured people every day.","og_url":"https:\/\/blgjustice.com\/es\/practice-areas\/personal-injury\/","og_site_name":"Brockmeier Law Group","article_modified_time":"2022-09-22T23:23:01+00:00","og_image":[{"width":964,"height":401,"url":"https:\/\/blgjustice.com\/wp-content\/uploads\/2020\/06\/img-prac-personal-injury.jpg","type":"image\/jpeg"}],"twitter_card":"summary_large_image","twitter_misc":{"Tiempo de lectura":"1 minuto"},"schema":{"@context":"https:\/\/schema.org","@graph":[{"@type":"WebPage","@id":"https:\/\/blgjustice.com\/es\/practice-areas\/personal-injury\/","url":"https:\/\/blgjustice.com\/es\/practice-areas\/personal-injury\/","name":"Abogado de lesiones personales en Irvine, CA | Brockmeier Law Group","isPartOf":{"@id":"https:\/\/www.blgjustice.com\/#website"},"primaryImageOfPage":{"@id":"https:\/\/blgjustice.com\/es\/practice-areas\/personal-injury\/#primaryimage"},"image":{"@id":"https:\/\/blgjustice.com\/es\/practice-areas\/personal-injury\/#primaryimage"},"thumbnailUrl":"https:\/\/www.blgjustice.com\/wp-content\/uploads\/2020\/06\/img-prac-personal-injury.jpg","datePublished":"2020-06-04T15:08:04+00:00","dateModified":"2022-09-22T23:23:01+00:00","description":"Brockmeier Law Group ha recuperado millones de d\u00f3lares para nuestros clientes y contin\u00faa luchando en nombre de las personas lesionadas todos los d\u00edas.","breadcrumb":{"@id":"https:\/\/blgjustice.com\/es\/practice-areas\/personal-injury\/#breadcrumb"},"inLanguage":"es","potentialAction":[{"@type":"ReadAction","target":["https:\/\/blgjustice.com\/es\/practice-areas\/personal-injury\/"]}]},{"@type":"ImageObject","inLanguage":"es","@id":"https:\/\/blgjustice.com\/es\/practice-areas\/personal-injury\/#primaryimage","url":"https:\/\/www.blgjustice.com\/wp-content\/uploads\/2020\/06\/img-prac-personal-injury.jpg","contentUrl":"https:\/\/www.blgjustice.com\/wp-content\/uploads\/2020\/06\/img-prac-personal-injury.jpg","width":964,"height":401,"caption":"doctor pointing on his client's laboratory result"},{"@type":"BreadcrumbList","@id":"https:\/\/blgjustice.com\/es\/practice-areas\/personal-injury\/#breadcrumb","itemListElement":[{"@type":"ListItem","position":1,"name":"Home","item":"https:\/\/www.blgjustice.com\/"},{"@type":"ListItem","position":2,"name":"Practice Areas","item":"https:\/\/blgjustice.com\/es\/practice-areas\/"},{"@type":"ListItem","position":3,"name":"Personal Injury"}]},{"@type":"WebSite","@id":"https:\/\/www.blgjustice.com\/#website","url":"https:\/\/www.blgjustice.com\/","name":"Brockmeier Law Group","description":"","potentialAction":[{"@type":"SearchAction","target":{"@type":"EntryPoint","urlTemplate":"https:\/\/www.blgjustice.com\/?s={search_term_string}"},"query-input":{"@type":"PropertyValueSpecification","valueRequired":true,"valueName":"search_term_string"}}],"inLanguage":"es"}]}},"_links":{"self":[{"href":"https:\/\/www.blgjustice.com\/es\/wp-json\/wp\/v2\/pages\/77"}],"collection":[{"href":"https:\/\/www.blgjustice.com\/es\/wp-json\/wp\/v2\/pages"}],"about":[{"href":"https:\/\/www.blgjustice.com\/es\/wp-json\/wp\/v2\/types\/page"}],"author":[{"embeddable":true,"href":"https:\/\/www.blgjustice.com\/es\/wp-json\/wp\/v2\/users\/1"}],"replies":[{"embeddable":true,"href":"https:\/\/www.blgjustice.com\/es\/wp-json\/wp\/v2\/comments?post=77"}],"version-history":[{"count":6,"href":"https:\/\/www.blgjustice.com\/es\/wp-json\/wp\/v2\/pages\/77\/revisions"}],"predecessor-version":[{"id":1159,"href":"https:\/\/www.blgjustice.com\/es\/wp-json\/wp\/v2\/pages\/77\/revisions\/1159"}],"up":[{"embeddable":true,"href":"https:\/\/www.blgjustice.com\/es\/wp-json\/wp\/v2\/pages\/8"}],"wp:featuredmedia":[{"embeddable":true,"href":"https:\/\/www.blgjustice.com\/es\/wp-json\/wp\/v2\/media\/176"}],"wp:attachment":[{"href":"https:\/\/www.blgjustice.com\/es\/wp-json\/wp\/v2\/media?parent=77"}],"curies":[{"name":"gracias","href":"https:\/\/api.w.org\/{rel}","templated":true}]}}