{"id":79,"date":"2020-06-04T15:09:03","date_gmt":"2020-06-04T15:09:03","guid":{"rendered":"http:\/\/blgjustice.com\/?page_id=79"},"modified":"2022-09-23T00:27:03","modified_gmt":"2022-09-23T00:27:03","slug":"real-estate","status":"publish","type":"page","link":"https:\/\/www.blgjustice.com\/es\/practice-areas\/real-estate\/","title":{"rendered":"Bienes ra\u00edces"},"content":{"rendered":"<h3>Abogado de bienes ra\u00edces de California<\/h3>\n<p>Hemos litigado en nombre de propietarios y vendedores en casos de fraude, falta de divulgaci\u00f3n, disputas de HOA, defectos de construcci\u00f3n y disputas de contratistas, recuperando y defendiendo millones de d\u00f3lares para nuestros clientes.<\/p>\n<p>Las \u00e1reas de especializaci\u00f3n incluyen:<\/p>\n<ul>\n<li>El vendedor y los agentes de bienes ra\u00edces no revelaron<\/li>\n<li>Disputas de pago de construcci\u00f3n de contratistas<\/li>\n<li>Disputas de la Asociaci\u00f3n de Propietarios de Vivienda (HOA) para que la Asociaci\u00f3n y sus miembros hagan cumplir los Convenios, Condiciones y Restricciones<\/li>\n<\/ul>","protected":false},"excerpt":{"rendered":"<p>California Real Estate Attorney We have litigated on behalf of homeowners and sellers in cases involving fraud, failure to disclose, HOA disputes, construction defects, and contractor disputes, recovering and defending millions of dollars for our clients. Areas of expertise include: Seller\u2019s and real estate agents\u2019 failure to disclose Contractor construction payment disputes Home Owners Association [&hellip;]<\/p>\n","protected":false},"author":1,"featured_media":177,"parent":8,"menu_order":0,"comment_status":"closed","ping_status":"closed","template":"","meta":{"_acf_changed":false,"footnotes":""},"acf":[],"yoast_head":"<!-- This site is optimized with the Yoast SEO plugin v24.5 - https:\/\/yoast.com\/wordpress\/plugins\/seo\/ -->\n<title>Irvine Real Estate Lawyers | Real Estate Attorney in Irvine CA<\/title>\n<meta name=\"description\" content=\"California Real Estate Attorneys at Brockmeier Law Group have litigated on behalf of homeowners and sellers in a variety of real estate cases.\" \/>\n<meta name=\"robots\" content=\"index, follow, max-snippet:-1, max-image-preview:large, max-video-preview:-1\" \/>\n<link rel=\"canonical\" href=\"https:\/\/blgjustice.com\/practice-areas\/real-estate\/\" \/>\n<meta property=\"og:locale\" content=\"es_MX\" \/>\n<meta property=\"og:type\" content=\"article\" \/>\n<meta property=\"og:title\" content=\"Irvine Real Estate Lawyers | Real Estate Attorney in Irvine CA\" \/>\n<meta property=\"og:description\" content=\"California Real Estate Attorneys at Brockmeier Law Group have litigated on behalf of homeowners and sellers in a variety of real estate cases.\" \/>\n<meta property=\"og:url\" content=\"https:\/\/blgjustice.com\/practice-areas\/real-estate\/\" \/>\n<meta property=\"og:site_name\" content=\"Brockmeier Law Group\" \/>\n<meta property=\"article:modified_time\" content=\"2022-09-23T00:27:03+00:00\" \/>\n<meta property=\"og:image\" content=\"https:\/\/blgjustice.com\/wp-content\/uploads\/2020\/06\/img-prac-realestate.jpg\" \/>\n\t<meta property=\"og:image:width\" content=\"964\" \/>\n\t<meta property=\"og:image:height\" content=\"401\" \/>\n\t<meta property=\"og:image:type\" content=\"image\/jpeg\" \/>\n<meta name=\"twitter:card\" content=\"summary_large_image\" \/>\n<meta name=\"twitter:label1\" content=\"Tiempo de lectura\" \/>\n\t<meta name=\"twitter:data1\" content=\"1 minuto\" \/>\n<script type=\"application\/ld+json\" class=\"yoast-schema-graph\">{\"@context\":\"https:\/\/schema.org\",\"@graph\":[{\"@type\":\"WebPage\",\"@id\":\"https:\/\/blgjustice.com\/practice-areas\/real-estate\/\",\"url\":\"https:\/\/blgjustice.com\/practice-areas\/real-estate\/\",\"name\":\"Irvine Real Estate Lawyers | Real Estate Attorney in Irvine CA\",\"isPartOf\":{\"@id\":\"https:\/\/www.blgjustice.com\/#website\"},\"primaryImageOfPage\":{\"@id\":\"https:\/\/blgjustice.com\/practice-areas\/real-estate\/#primaryimage\"},\"image\":{\"@id\":\"https:\/\/blgjustice.com\/practice-areas\/real-estate\/#primaryimage\"},\"thumbnailUrl\":\"https:\/\/www.blgjustice.com\/wp-content\/uploads\/2020\/06\/img-prac-realestate.jpg\",\"datePublished\":\"2020-06-04T15:09:03+00:00\",\"dateModified\":\"2022-09-23T00:27:03+00:00\",\"description\":\"California Real Estate Attorneys at Brockmeier Law Group have litigated on behalf of homeowners and sellers in a variety of real estate cases.\",\"breadcrumb\":{\"@id\":\"https:\/\/blgjustice.com\/practice-areas\/real-estate\/#breadcrumb\"},\"inLanguage\":\"es\",\"potentialAction\":[{\"@type\":\"ReadAction\",\"target\":[\"https:\/\/blgjustice.com\/practice-areas\/real-estate\/\"]}]},{\"@type\":\"ImageObject\",\"inLanguage\":\"es\",\"@id\":\"https:\/\/blgjustice.com\/practice-areas\/real-estate\/#primaryimage\",\"url\":\"https:\/\/www.blgjustice.com\/wp-content\/uploads\/2020\/06\/img-prac-realestate.jpg\",\"contentUrl\":\"https:\/\/www.blgjustice.com\/wp-content\/uploads\/2020\/06\/img-prac-realestate.jpg\",\"width\":964,\"height\":401,\"caption\":\"man signing a real estate contract\"},{\"@type\":\"BreadcrumbList\",\"@id\":\"https:\/\/blgjustice.com\/practice-areas\/real-estate\/#breadcrumb\",\"itemListElement\":[{\"@type\":\"ListItem\",\"position\":1,\"name\":\"Home\",\"item\":\"https:\/\/www.blgjustice.com\/\"},{\"@type\":\"ListItem\",\"position\":2,\"name\":\"Practice Areas\",\"item\":\"https:\/\/blgjustice.com\/es\/practice-areas\/\"},{\"@type\":\"ListItem\",\"position\":3,\"name\":\"Real Estate\"}]},{\"@type\":\"WebSite\",\"@id\":\"https:\/\/www.blgjustice.com\/#website\",\"url\":\"https:\/\/www.blgjustice.com\/\",\"name\":\"Brockmeier Law Group\",\"description\":\"\",\"potentialAction\":[{\"@type\":\"SearchAction\",\"target\":{\"@type\":\"EntryPoint\",\"urlTemplate\":\"https:\/\/www.blgjustice.com\/?s={search_term_string}\"},\"query-input\":{\"@type\":\"PropertyValueSpecification\",\"valueRequired\":true,\"valueName\":\"search_term_string\"}}],\"inLanguage\":\"es\"}]}<\/script>\n<!-- \/ Yoast SEO plugin. -->","yoast_head_json":{"title":"Abogados de bienes ra\u00edces en Irvine | Abogado de bienes ra\u00edces en Irvine, CA","description":"Los abogados de bienes ra\u00edces de California en Brockmeier Law Group han litigado en nombre de propietarios y vendedores en una variedad de casos inmobiliarios.","robots":{"index":"index","follow":"follow","max-snippet":"max-snippet:-1","max-image-preview":"max-image-preview:large","max-video-preview":"max-video-preview:-1"},"canonical":"https:\/\/blgjustice.com\/practice-areas\/real-estate\/","og_locale":"es_MX","og_type":"article","og_title":"Irvine Real Estate Lawyers | Real Estate Attorney in Irvine CA","og_description":"California Real Estate Attorneys at Brockmeier Law Group have litigated on behalf of homeowners and sellers in a variety of real estate cases.","og_url":"https:\/\/blgjustice.com\/practice-areas\/real-estate\/","og_site_name":"Brockmeier Law Group","article_modified_time":"2022-09-23T00:27:03+00:00","og_image":[{"width":964,"height":401,"url":"https:\/\/blgjustice.com\/wp-content\/uploads\/2020\/06\/img-prac-realestate.jpg","type":"image\/jpeg"}],"twitter_card":"summary_large_image","twitter_misc":{"Tiempo de lectura":"1 minuto"},"schema":{"@context":"https:\/\/schema.org","@graph":[{"@type":"WebPage","@id":"https:\/\/blgjustice.com\/practice-areas\/real-estate\/","url":"https:\/\/blgjustice.com\/practice-areas\/real-estate\/","name":"Abogados de bienes ra\u00edces en Irvine | Abogado de bienes ra\u00edces en Irvine, CA","isPartOf":{"@id":"https:\/\/www.blgjustice.com\/#website"},"primaryImageOfPage":{"@id":"https:\/\/blgjustice.com\/practice-areas\/real-estate\/#primaryimage"},"image":{"@id":"https:\/\/blgjustice.com\/practice-areas\/real-estate\/#primaryimage"},"thumbnailUrl":"https:\/\/www.blgjustice.com\/wp-content\/uploads\/2020\/06\/img-prac-realestate.jpg","datePublished":"2020-06-04T15:09:03+00:00","dateModified":"2022-09-23T00:27:03+00:00","description":"Los abogados de bienes ra\u00edces de California en Brockmeier Law Group han litigado en nombre de propietarios y vendedores en una variedad de casos inmobiliarios.","breadcrumb":{"@id":"https:\/\/blgjustice.com\/practice-areas\/real-estate\/#breadcrumb"},"inLanguage":"es","potentialAction":[{"@type":"ReadAction","target":["https:\/\/blgjustice.com\/practice-areas\/real-estate\/"]}]},{"@type":"ImageObject","inLanguage":"es","@id":"https:\/\/blgjustice.com\/practice-areas\/real-estate\/#primaryimage","url":"https:\/\/www.blgjustice.com\/wp-content\/uploads\/2020\/06\/img-prac-realestate.jpg","contentUrl":"https:\/\/www.blgjustice.com\/wp-content\/uploads\/2020\/06\/img-prac-realestate.jpg","width":964,"height":401,"caption":"man signing a real estate contract"},{"@type":"BreadcrumbList","@id":"https:\/\/blgjustice.com\/practice-areas\/real-estate\/#breadcrumb","itemListElement":[{"@type":"ListItem","position":1,"name":"Home","item":"https:\/\/www.blgjustice.com\/"},{"@type":"ListItem","position":2,"name":"Practice Areas","item":"https:\/\/blgjustice.com\/es\/practice-areas\/"},{"@type":"ListItem","position":3,"name":"Real Estate"}]},{"@type":"WebSite","@id":"https:\/\/www.blgjustice.com\/#website","url":"https:\/\/www.blgjustice.com\/","name":"Brockmeier Law Group","description":"","potentialAction":[{"@type":"SearchAction","target":{"@type":"EntryPoint","urlTemplate":"https:\/\/www.blgjustice.com\/?s={search_term_string}"},"query-input":{"@type":"PropertyValueSpecification","valueRequired":true,"valueName":"search_term_string"}}],"inLanguage":"es"}]}},"_links":{"self":[{"href":"https:\/\/www.blgjustice.com\/es\/wp-json\/wp\/v2\/pages\/79"}],"collection":[{"href":"https:\/\/www.blgjustice.com\/es\/wp-json\/wp\/v2\/pages"}],"about":[{"href":"https:\/\/www.blgjustice.com\/es\/wp-json\/wp\/v2\/types\/page"}],"author":[{"embeddable":true,"href":"https:\/\/www.blgjustice.com\/es\/wp-json\/wp\/v2\/users\/1"}],"replies":[{"embeddable":true,"href":"https:\/\/www.blgjustice.com\/es\/wp-json\/wp\/v2\/comments?post=79"}],"version-history":[{"count":6,"href":"https:\/\/www.blgjustice.com\/es\/wp-json\/wp\/v2\/pages\/79\/revisions"}],"predecessor-version":[{"id":1202,"href":"https:\/\/www.blgjustice.com\/es\/wp-json\/wp\/v2\/pages\/79\/revisions\/1202"}],"up":[{"embeddable":true,"href":"https:\/\/www.blgjustice.com\/es\/wp-json\/wp\/v2\/pages\/8"}],"wp:featuredmedia":[{"embeddable":true,"href":"https:\/\/www.blgjustice.com\/es\/wp-json\/wp\/v2\/media\/177"}],"wp:attachment":[{"href":"https:\/\/www.blgjustice.com\/es\/wp-json\/wp\/v2\/media?parent=79"}],"curies":[{"name":"gracias","href":"https:\/\/api.w.org\/{rel}","templated":true}]}}