{"id":89,"date":"2020-06-04T15:19:52","date_gmt":"2020-06-04T15:19:52","guid":{"rendered":"http:\/\/blgjustice.com\/?page_id=89"},"modified":"2020-12-08T01:57:47","modified_gmt":"2020-12-08T01:57:47","slug":"disclaimer","status":"publish","type":"page","link":"https:\/\/www.blgjustice.com\/es\/disclaimer\/","title":{"rendered":"Descargo de responsabilidad"},"content":{"rendered":"<p>La informaci\u00f3n proporcionada en este sitio web no pretende ser un asesoramiento legal, sino simplemente informaci\u00f3n de antecedentes para ayudarlo a decidir sobre el asesoramiento legal. Cada caso es distintivo e individual y no se debe confiar en la informaci\u00f3n proporcionada aqu\u00ed para decidir los m\u00e9ritos de su caso sin una consulta personal con un asesor legal. Adem\u00e1s, las leyes pueden cambiar desde que se desarroll\u00f3 este sitio web. Es importante que discuta su caso con un asesor legal competente lo antes posible para proteger adecuadamente sus intereses.<\/p>","protected":false},"excerpt":{"rendered":"<p>The information provided in this website is not intended as legal advice but is simply background information to assist you in deciding on legal counsel. Each case is distinctive and individual and no information provided here should be relied upon in deciding the merits of your case without personal consultation with legal counsel. Further, the [&hellip;]<\/p>\n","protected":false},"author":1,"featured_media":0,"parent":0,"menu_order":0,"comment_status":"closed","ping_status":"closed","template":"","meta":{"_acf_changed":false,"footnotes":""},"acf":[],"yoast_head":"<!-- This site is optimized with the Yoast SEO plugin v24.5 - https:\/\/yoast.com\/wordpress\/plugins\/seo\/ -->\n<title>Disclaimer | Brockmeier Law Group | Call 310-425-3431<\/title>\n<meta name=\"description\" content=\"Give our Irvine Personal Injury Attorneys a call today in order to start achieving your goals in the courtroom. You can reach us at (310) 425-3431!\" \/>\n<meta name=\"robots\" content=\"index, follow, max-snippet:-1, max-image-preview:large, max-video-preview:-1\" \/>\n<link rel=\"canonical\" href=\"https:\/\/www.blgjustice.com\/es\/disclaimer\/\" \/>\n<meta property=\"og:locale\" content=\"es_MX\" \/>\n<meta property=\"og:type\" content=\"article\" \/>\n<meta property=\"og:title\" content=\"Disclaimer | Brockmeier Law Group | Call 310-425-3431\" \/>\n<meta property=\"og:description\" content=\"Give our Irvine Personal Injury Attorneys a call today in order to start achieving your goals in the courtroom. You can reach us at (310) 425-3431!\" \/>\n<meta property=\"og:url\" content=\"https:\/\/www.blgjustice.com\/es\/disclaimer\/\" \/>\n<meta property=\"og:site_name\" content=\"Brockmeier Law Group\" \/>\n<meta property=\"article:modified_time\" content=\"2020-12-08T01:57:47+00:00\" \/>\n<meta name=\"twitter:card\" content=\"summary_large_image\" \/>\n<script type=\"application\/ld+json\" class=\"yoast-schema-graph\">{\"@context\":\"https:\/\/schema.org\",\"@graph\":[{\"@type\":\"WebPage\",\"@id\":\"https:\/\/www.blgjustice.com\/disclaimer\/\",\"url\":\"https:\/\/www.blgjustice.com\/disclaimer\/\",\"name\":\"Disclaimer | Brockmeier Law Group | Call 310-425-3431\",\"isPartOf\":{\"@id\":\"https:\/\/www.blgjustice.com\/#website\"},\"datePublished\":\"2020-06-04T15:19:52+00:00\",\"dateModified\":\"2020-12-08T01:57:47+00:00\",\"description\":\"Give our Irvine Personal Injury Attorneys a call today in order to start achieving your goals in the courtroom. You can reach us at (310) 425-3431!\",\"breadcrumb\":{\"@id\":\"https:\/\/www.blgjustice.com\/disclaimer\/#breadcrumb\"},\"inLanguage\":\"es\",\"potentialAction\":[{\"@type\":\"ReadAction\",\"target\":[\"https:\/\/www.blgjustice.com\/disclaimer\/\"]}]},{\"@type\":\"BreadcrumbList\",\"@id\":\"https:\/\/www.blgjustice.com\/disclaimer\/#breadcrumb\",\"itemListElement\":[{\"@type\":\"ListItem\",\"position\":1,\"name\":\"Home\",\"item\":\"https:\/\/www.blgjustice.com\/\"},{\"@type\":\"ListItem\",\"position\":2,\"name\":\"Disclaimer\"}]},{\"@type\":\"WebSite\",\"@id\":\"https:\/\/www.blgjustice.com\/#website\",\"url\":\"https:\/\/www.blgjustice.com\/\",\"name\":\"Brockmeier Law Group\",\"description\":\"\",\"potentialAction\":[{\"@type\":\"SearchAction\",\"target\":{\"@type\":\"EntryPoint\",\"urlTemplate\":\"https:\/\/www.blgjustice.com\/?s={search_term_string}\"},\"query-input\":{\"@type\":\"PropertyValueSpecification\",\"valueRequired\":true,\"valueName\":\"search_term_string\"}}],\"inLanguage\":\"es\"}]}<\/script>\n<!-- \/ Yoast SEO plugin. -->","yoast_head_json":{"title":"Disclaimer | Brockmeier Law Group | Call 310-425-3431","description":"Llame hoy mismo a nuestros abogados de lesiones personales de Irvine para empezar a lograr sus objetivos en el tribunal. \u00a1Ll\u00e1menos al (310) 425-3431!","robots":{"index":"index","follow":"follow","max-snippet":"max-snippet:-1","max-image-preview":"max-image-preview:large","max-video-preview":"max-video-preview:-1"},"canonical":"https:\/\/www.blgjustice.com\/es\/disclaimer\/","og_locale":"es_MX","og_type":"article","og_title":"Disclaimer | Brockmeier Law Group | Call 310-425-3431","og_description":"Give our Irvine Personal Injury Attorneys a call today in order to start achieving your goals in the courtroom. You can reach us at (310) 425-3431!","og_url":"https:\/\/www.blgjustice.com\/es\/disclaimer\/","og_site_name":"Brockmeier Law Group","article_modified_time":"2020-12-08T01:57:47+00:00","twitter_card":"summary_large_image","schema":{"@context":"https:\/\/schema.org","@graph":[{"@type":"WebPage","@id":"https:\/\/www.blgjustice.com\/disclaimer\/","url":"https:\/\/www.blgjustice.com\/disclaimer\/","name":"Disclaimer | Brockmeier Law Group | Call 310-425-3431","isPartOf":{"@id":"https:\/\/www.blgjustice.com\/#website"},"datePublished":"2020-06-04T15:19:52+00:00","dateModified":"2020-12-08T01:57:47+00:00","description":"Llame hoy mismo a nuestros abogados de lesiones personales de Irvine para empezar a lograr sus objetivos en el tribunal. \u00a1Ll\u00e1menos al (310) 425-3431!","breadcrumb":{"@id":"https:\/\/www.blgjustice.com\/disclaimer\/#breadcrumb"},"inLanguage":"es","potentialAction":[{"@type":"ReadAction","target":["https:\/\/www.blgjustice.com\/disclaimer\/"]}]},{"@type":"BreadcrumbList","@id":"https:\/\/www.blgjustice.com\/disclaimer\/#breadcrumb","itemListElement":[{"@type":"ListItem","position":1,"name":"Home","item":"https:\/\/www.blgjustice.com\/"},{"@type":"ListItem","position":2,"name":"Disclaimer"}]},{"@type":"WebSite","@id":"https:\/\/www.blgjustice.com\/#website","url":"https:\/\/www.blgjustice.com\/","name":"Brockmeier Law Group","description":"","potentialAction":[{"@type":"SearchAction","target":{"@type":"EntryPoint","urlTemplate":"https:\/\/www.blgjustice.com\/?s={search_term_string}"},"query-input":{"@type":"PropertyValueSpecification","valueRequired":true,"valueName":"search_term_string"}}],"inLanguage":"es"}]}},"_links":{"self":[{"href":"https:\/\/www.blgjustice.com\/es\/wp-json\/wp\/v2\/pages\/89"}],"collection":[{"href":"https:\/\/www.blgjustice.com\/es\/wp-json\/wp\/v2\/pages"}],"about":[{"href":"https:\/\/www.blgjustice.com\/es\/wp-json\/wp\/v2\/types\/page"}],"author":[{"embeddable":true,"href":"https:\/\/www.blgjustice.com\/es\/wp-json\/wp\/v2\/users\/1"}],"replies":[{"embeddable":true,"href":"https:\/\/www.blgjustice.com\/es\/wp-json\/wp\/v2\/comments?post=89"}],"version-history":[{"count":1,"href":"https:\/\/www.blgjustice.com\/es\/wp-json\/wp\/v2\/pages\/89\/revisions"}],"predecessor-version":[{"id":90,"href":"https:\/\/www.blgjustice.com\/es\/wp-json\/wp\/v2\/pages\/89\/revisions\/90"}],"wp:attachment":[{"href":"https:\/\/www.blgjustice.com\/es\/wp-json\/wp\/v2\/media?parent=89"}],"curies":[{"name":"gracias","href":"https:\/\/api.w.org\/{rel}","templated":true}]}}